{"id":7931,"date":"2021-03-26T07:02:38","date_gmt":"2021-03-26T06:02:38","guid":{"rendered":"https:\/\/talleresarrano.com\/home\/"},"modified":"2023-05-11T08:27:19","modified_gmt":"2023-05-11T06:27:19","slug":"home","status":"publish","type":"page","link":"https:\/\/talleresarrano.com\/de\/","title":{"rendered":"Home"},"content":{"rendered":"<p>[vc_row full_width=&#8220;stretch_row_content&#8220; css=&#8220;.vc_custom_1448010098176{padding-top: 30px !important;padding-bottom: 30px !important;background-color: #e2e2e2 !important;}&#8220;][vc_column width=&#8220;1\/4&#8243;][vc_row_inner][vc_column_inner width=&#8220;1\/2&#8243;][vc_single_image image=&#8220;7935&#8243; img_size=&#8220;100&#215;100&#8243; alignment=&#8220;center&#8220; onclick=&#8220;custom_link&#8220; css_animation=&#8220;appear&#8220; link=&#8220;\/de\/anwendungen\/zementindustrie\/&#8220;][vc_custom_heading text=&#8220;ZEMENTINDUSTRIE&#8220; font_container=&#8220;tag:h6|text_align:center&#8220; use_theme_fonts=&#8220;yes&#8220; link=&#8220;url:https%3A%2F%2Ftalleresarrano.com%2Fde%2Fanwendungen%2Fzementindustrie%2F|title:Zementindustrie&#8220; css=&#8220;.vc_custom_1617890702228{margin-top: -30px !important;}&#8220;][\/vc_column_inner][vc_column_inner width=&#8220;1\/2&#8243;][vc_single_image image=&#8220;7939&#8243; img_size=&#8220;100&#215;100&#8243; alignment=&#8220;center&#8220; onclick=&#8220;custom_link&#8220; css_animation=&#8220;appear&#8220; link=&#8220;\/de\/anwendungen\/energieerzeugung\/&#8220;][vc_custom_heading text=&#8220;ENERGIEERZEUGUNG&#8220; font_container=&#8220;tag:h6|text_align:center&#8220; use_theme_fonts=&#8220;yes&#8220; link=&#8220;url:https%3A%2F%2Ftalleresarrano.com%2Fde%2Fanwendungen%2Fenergieerzeugung%2F|title:Energieerzeugung&#8220; css=&#8220;.vc_custom_1617890724326{margin-top: -30px !important;}&#8220;][\/vc_column_inner][\/vc_row_inner][\/vc_column][vc_column width=&#8220;1\/4&#8243;][vc_row_inner][vc_column_inner width=&#8220;1\/2&#8243;][vc_single_image image=&#8220;7937&#8243; img_size=&#8220;100&#215;100&#8243; alignment=&#8220;center&#8220; onclick=&#8220;custom_link&#8220; css_animation=&#8220;appear&#8220; link=&#8220;\/de\/anwendungen\/industrie\/&#8220;][vc_custom_heading text=&#8220;INDUSTRIE&#8220; font_container=&#8220;tag:h6|text_align:center&#8220; use_theme_fonts=&#8220;yes&#8220; link=&#8220;url:https%3A%2F%2Ftalleresarrano.com%2Fde%2Fanwendungen%2Findustrie%2F|title:Industrie&#8220; css=&#8220;.vc_custom_1617890746093{margin-top: -30px !important;}&#8220;][\/vc_column_inner][vc_column_inner width=&#8220;1\/2&#8243;][vc_single_image image=&#8220;7942&#8243; img_size=&#8220;100&#215;100&#8243; alignment=&#8220;center&#8220; onclick=&#8220;custom_link&#8220; css_animation=&#8220;appear&#8220; link=&#8220;\/de\/anwendungen\/mini-wasserkraftwerk\/&#8220;][vc_custom_heading text=&#8220;MINI-WASSERKRAFTWERK&#8220; font_container=&#8220;tag:h6|text_align:center&#8220; use_theme_fonts=&#8220;yes&#8220; link=&#8220;url:https%3A%2F%2Ftalleresarrano.com%2Fde%2Fanwendungen%2Fmini-wasserkraftwerk%2F|title:Mini-Wasserkraftwerk&#8220; css=&#8220;.vc_custom_1617890765511{margin-top: -30px !important;}&#8220;][\/vc_column_inner][\/vc_row_inner][\/vc_column][vc_column width=&#8220;1\/4&#8243;][vc_row_inner][vc_column_inner width=&#8220;1\/2&#8243;][vc_single_image image=&#8220;7938&#8243; img_size=&#8220;100&#215;100&#8243; alignment=&#8220;center&#8220; onclick=&#8220;custom_link&#8220; css_animation=&#8220;appear&#8220; link=&#8220;\/de\/anwendungen\/papierindustrie\/&#8220;][vc_custom_heading text=&#8220;PAPIERINDUSTRIE&#8220; font_container=&#8220;tag:h6|text_align:center&#8220; use_theme_fonts=&#8220;yes&#8220; link=&#8220;url:https%3A%2F%2Ftalleresarrano.com%2Fde%2Fanwendungen%2Fpapierindustrie%2F|title:Papierindustrie&#8220; css=&#8220;.vc_custom_1617890788020{margin-top: -30px !important;}&#8220;][\/vc_column_inner][vc_column_inner width=&#8220;1\/2&#8243;][vc_single_image image=&#8220;7940&#8243; img_size=&#8220;100&#215;100&#8243; alignment=&#8220;center&#8220; onclick=&#8220;custom_link&#8220; css_animation=&#8220;appear&#8220; link=&#8220;\/de\/anwendungen\/windkraft\/&#8220;][vc_custom_heading text=&#8220;WINDKRAFT&#8220; font_container=&#8220;tag:h6|text_align:center&#8220; use_theme_fonts=&#8220;yes&#8220; link=&#8220;url:https%3A%2F%2Ftalleresarrano.com%2Fde%2Fanwendungen%2Fwindkraft%2F|title:Windkraft&#8220; css=&#8220;.vc_custom_1617890806596{margin-top: -30px !important;}&#8220;][\/vc_column_inner][\/vc_row_inner][\/vc_column][vc_column width=&#8220;1\/4&#8243;][vc_row_inner][vc_column_inner width=&#8220;1\/2&#8243;][vc_single_image image=&#8220;7936&#8243; img_size=&#8220;100&#215;100&#8243; alignment=&#8220;center&#8220; onclick=&#8220;custom_link&#8220; css_animation=&#8220;appear&#8220; link=&#8220;\/de\/anwendungen\/schifffahrt\/&#8220;][vc_custom_heading text=&#8220;SCHIFFFAHRT&#8220; font_container=&#8220;tag:h6|text_align:center&#8220; use_theme_fonts=&#8220;yes&#8220; link=&#8220;url:https%3A%2F%2Ftalleresarrano.com%2Fde%2Fanwendungen%2Fschifffahrt%2F|title:Schifffahrt&#8220; css=&#8220;.vc_custom_1617890826833{margin-top: -30px !important;}&#8220;][\/vc_column_inner][vc_column_inner width=&#8220;1\/2&#8243;][vc_single_image image=&#8220;7941&#8243; img_size=&#8220;100&#215;100&#8243; alignment=&#8220;center&#8220; onclick=&#8220;custom_link&#8220; css_animation=&#8220;appear&#8220; link=&#8220;\/de\/anwendungen\/pumpstationen\/&#8220;][vc_custom_heading text=&#8220;PUMPSTATIONEN&#8220; font_container=&#8220;tag:h6|text_align:center&#8220; use_theme_fonts=&#8220;yes&#8220; link=&#8220;url:https%3A%2F%2Ftalleresarrano.com%2Fde%2Fanwendungen%2Fpumpstationen%2F|title:Pumpstationen&#8220; css=&#8220;.vc_custom_1617890848670{margin-top: -30px !important;}&#8220;][\/vc_column_inner][\/vc_row_inner][\/vc_column][\/vc_row][vc_row][vc_column][vc_column_text]<br \/>\n[\/vc_column_text][vc_row_inner][vc_column_inner][tw_heading title=&#8220;ARRANO TALLERES ELECTROMEC\u00c1NICOS&#8220; title_style=&#8220;line&#8220; tag=&#8220;h1&#8243;][\/vc_column_inner][\/vc_row_inner][\/vc_column][\/vc_row][vc_row_inner][vc_column_inner width=&#8220;2\/3&#8243;][tw_heading title=&#8220;L\u00f6sungen f\u00fcr Ihre Probleme&#8220; title_align=&#8220;left&#8220; tag=&#8220;h2&#8243;][vc_empty_space height=&#8220;18px&#8220;][tw_text]Bereitet Ihr Motor\/Generator Probleme? M\u00f6chten Sie unerwartete Ausf\u00e4lle vermeiden? Mit unserem Prozess der <strong>vorbeugenden<\/strong> oder korrigierenden <strong>Wartung<\/strong> <strong>reduzieren Sie<\/strong> die Ausfallwahrscheinlichkeit Ihrer Maschine <strong>auf ein Minimum,<\/strong> indem Sie einen programmierten Stopp Ihrer Produktion durchf\u00fchren.<\/p>\n<p class=\"main-text\"><strong>Rufen Sie uns jetzt an<\/strong> und wir <strong>l\u00f6sen<\/strong> sowohl die elektrischen als auch mechanischen Probleme Ihrer elektrischen Anlage.<\/p>\n<p>[\/tw_text][vc_column_text]<img loading=\"lazy\" decoding=\"async\" class=\"wp-image-7688 alignleft\" src=\"https:\/\/talleresarrano.com\/wp-content\/uploads\/2021\/01\/Europar_batasuna_kolore-gaztelaniaz-e1610407553708.jpg\" alt=\"\" width=\"154\" height=\"130\" srcset=\"https:\/\/talleresarrano.com\/wp-content\/uploads\/2021\/01\/Europar_batasuna_kolore-gaztelaniaz-e1610407553708.jpg 823w, https:\/\/talleresarrano.com\/wp-content\/uploads\/2021\/01\/Europar_batasuna_kolore-gaztelaniaz-e1610407553708-300x252.jpg 300w, https:\/\/talleresarrano.com\/wp-content\/uploads\/2021\/01\/Europar_batasuna_kolore-gaztelaniaz-e1610407553708-768x645.jpg 768w\" sizes=\"(max-width: 154px) 100vw, 154px\" \/> \u00a0 <img loading=\"lazy\" decoding=\"async\" class=\"wp-image-7686 alignleft\" style=\"margin-left: 10px;\" src=\"https:\/\/talleresarrano.com\/wp-content\/uploads\/2021\/01\/logo_leader-e1610407586223.jpg\" alt=\"\" width=\"99\" height=\"100\" srcset=\"https:\/\/talleresarrano.com\/wp-content\/uploads\/2021\/01\/logo_leader-e1610407586223.jpg 1050w, https:\/\/talleresarrano.com\/wp-content\/uploads\/2021\/01\/logo_leader-e1610407586223-298x300.jpg 298w, https:\/\/talleresarrano.com\/wp-content\/uploads\/2021\/01\/logo_leader-e1610407586223-1018x1024.jpg 1018w, https:\/\/talleresarrano.com\/wp-content\/uploads\/2021\/01\/logo_leader-e1610407586223-150x150.jpg 150w, https:\/\/talleresarrano.com\/wp-content\/uploads\/2021\/01\/logo_leader-e1610407586223-768x772.jpg 768w\" sizes=\"(max-width: 99px) 100vw, 99px\" \/><img loading=\"lazy\" decoding=\"async\" class=\"alignnone wp-image-18661\" src=\"https:\/\/talleresarrano.com\/wp-content\/uploads\/2023\/05\/saqr.jpg\" alt=\"\" width=\"309\" height=\"112\" srcset=\"https:\/\/talleresarrano.com\/wp-content\/uploads\/2023\/05\/saqr.jpg 372w, https:\/\/talleresarrano.com\/wp-content\/uploads\/2023\/05\/saqr-300x109.jpg 300w\" sizes=\"(max-width: 309px) 100vw, 309px\" \/>[\/vc_column_text][\/vc_column_inner][vc_column_inner width=&#8220;1\/3&#8243;][vc_single_image image=&#8220;9478&#8243; img_size=&#8220;full&#8220; alignment=&#8220;center&#8220; style=&#8220;vc_box_circle_2&#8243; onclick=&#8220;link_image&#8220; css_animation=&#8220;appear&#8220;][\/vc_column_inner][\/vc_row_inner][vc_row][vc_column][vc_column_text]<\/p>\n<p>[\/vc_column_text][\/vc_column][\/vc_row][vc_row full_width=&#8220;stretch_row_content&#8220; css=&#8220;.vc_custom_1462199851958{margin-bottom: 0px !important;border-bottom-width: 0px !important;padding-bottom: 0px !important;background-color: #e8b100 !important;}&#8220;][vc_column width=&#8220;1\/3&#8243; css=&#8220;.vc_custom_1616739371566{padding-top: 50px !important;padding-right: 50px !important;padding-bottom: 50px !important;padding-left: 50px !important;background-color: #ffc02d !important;}&#8220;][vc_row_inner el_class=&#8220;triple-box&#8220;][vc_column_inner width=&#8220;1\/4&#8243;][tw_fonticon icon=&#8220;fontawesome&#8220; fontawesome=&#8220;fa fa-wrench&#8220; fi_size=&#8220;44&#8243; fi_padding=&#8220;0&#8243; fi_round=&#8220;0&#8243; animation_delay=&#8220;500&#8243; fi_color=&#8220;#ffffff&#8220; css=&#8220;.vc_custom_1603994027286{margin-bottom: 0px !important;border-bottom-width: 0px !important;padding-bottom: 15px !important;}&#8220;][\/vc_column_inner][vc_column_inner width=&#8220;3\/4&#8243;][tw_text custom_class=&#8220;services-text&#8220; animation_delay=&#8220;300&#8243; element_dark=&#8220;true&#8220; link=&#8220;#&#8220;]<\/p>\n<h2><span lang=\"DE\">REPARATUR<\/span><\/h2>\n<p><span lang=\"DE\">Die Maschinen fallen immer zum ung\u00fcnstigsten Zeitpunkt aus. Kontaktieren Sie Talleres Arrano so schnell wie m\u00f6glich, damit wir die beste L\u00f6sung finden k\u00f6nnen.<\/span>[\/tw_text][\/vc_column_inner][\/vc_row_inner][\/vc_column][vc_column width=&#8220;1\/3&#8243; css=&#8220;.vc_custom_1616739384271{padding-top: 50px !important;padding-right: 50px !important;padding-bottom: 50px !important;padding-left: 50px !important;background-color: #ffb200 !important;}&#8220;][vc_row_inner el_class=&#8220;triple-box&#8220;][vc_column_inner width=&#8220;1\/4&#8243;][tw_fonticon icon=&#8220;fontawesome&#8220; fontawesome=&#8220;fa fa-cogs&#8220; fi_size=&#8220;44&#8243; fi_padding=&#8220;0&#8243; fi_round=&#8220;0&#8243; animation_delay=&#8220;1000&#8243; fi_color=&#8220;#ffffff&#8220; css=&#8220;.vc_custom_1603994033981{margin-bottom: 0px !important;border-bottom-width: 0px !important;padding-bottom: 15px !important;}&#8220;][\/vc_column_inner][vc_column_inner width=&#8220;3\/4&#8243;][tw_text custom_class=&#8220;services-text&#8220; animation_delay=&#8220;800&#8243; element_dark=&#8220;true&#8220; link=&#8220;#&#8220;]<\/p>\n<h2><span lang=\"DE\">WARTUNG<\/span><\/h2>\n<p><span lang=\"DE\">Kontrollieren Sie den Zustand Ihrer Maschine regelm\u00e4\u00dfig und kommen Sie unerwarteten Ausfallzeiten zuvor. VERMEIDEN SIE PROBLEME!<\/span>[\/tw_text][\/vc_column_inner][\/vc_row_inner][\/vc_column][vc_column width=&#8220;1\/3&#8243; css=&#8220;.vc_custom_1617883059126{padding-top: 50px !important;padding-right: 50px !important;padding-bottom: 50px !important;padding-left: 50px !important;}&#8220; el_class=&#8220;triple-box&#8220;][vc_row_inner el_class=&#8220;triple-box&#8220;][vc_column_inner width=&#8220;1\/4&#8243;][tw_fonticon icon=&#8220;fontawesome&#8220; fontawesome=&#8220;fa fa-check-square-o&#8220; fi_size=&#8220;44&#8243; fi_padding=&#8220;0&#8243; fi_round=&#8220;0&#8243; animation_delay=&#8220;1500&#8243; fi_color=&#8220;#ffffff&#8220; css=&#8220;.vc_custom_1603994046106{margin-bottom: 0px !important;border-bottom-width: 0px !important;padding-bottom: 15px !important;}&#8220;][\/vc_column_inner][vc_column_inner width=&#8220;3\/4&#8243;][tw_text custom_class=&#8220;services-text&#8220; animation_delay=&#8220;1300&#8243; element_dark=&#8220;true&#8220; link=&#8220;#&#8220;]<\/p>\n<h2><span lang=\"DE\">ZUSATZARBEITEN<\/span><\/h2>\n<p><span lang=\"DE\">Wir bieten eine breite Palette von Zusatzarbeiten an, die mit rotierenden Elektromaschinen zusammenh\u00e4ngen.<\/span>[\/tw_text][\/vc_column_inner][\/vc_row_inner][\/vc_column][\/vc_row]<\/p>\n","protected":false},"excerpt":{"rendered":"<p>[vc_row full_width=&#8220;stretch_row_content&#8220; css=&#8220;.vc_custom_1448010098176{padding-top: 30px !important;padding-bottom: 30px !important;background-color: #e2e2e2 !important;}&#8220;][vc_column width=&#8220;1\/4&#8243;][vc_row_inner][vc_column_inner width=&#8220;1\/2&#8243;][vc_single_image image=&#8220;7935&#8243; img_size=&#8220;100&#215;100&#8243; alignment=&#8220;center&#8220; onclick=&#8220;custom_link&#8220; css_animation=&#8220;appear&#8220; link=&#8220;\/de\/anwendungen\/zementindustrie\/&#8220;][vc_custom_heading text=&#8220;ZEMENTINDUSTRIE&#8220; font_container=&#8220;tag:h6|text_align:center&#8220; use_theme_fonts=&#8220;yes&#8220; link=&#8220;url:https%3A%2F%2Ftalleresarrano.com%2Fde%2Fanwendungen%2Fzementindustrie%2F|title:Zementindustrie&#8220; css=&#8220;.vc_custom_1617890702228{margin-top: -30px !important;}&#8220;][\/vc_column_inner][vc_column_inner width=&#8220;1\/2&#8243;][vc_single_image image=&#8220;7939&#8243; img_size=&#8220;100&#215;100&#8243; alignment=&#8220;center&#8220; onclick=&#8220;custom_link&#8220; css_animation=&#8220;appear&#8220; link=&#8220;\/de\/anwendungen\/energieerzeugung\/&#8220;][vc_custom_heading text=&#8220;ENERGIEERZEUGUNG&#8220; font_container=&#8220;tag:h6|text_align:center&#8220; use_theme_fonts=&#8220;yes&#8220; link=&#8220;url:https%3A%2F%2Ftalleresarrano.com%2Fde%2Fanwendungen%2Fenergieerzeugung%2F|title:Energieerzeugung&#8220; css=&#8220;.vc_custom_1617890724326{margin-top: -30px !important;}&#8220;][\/vc_column_inner][\/vc_row_inner][\/vc_column][vc_column width=&#8220;1\/4&#8243;][vc_row_inner][vc_column_inner width=&#8220;1\/2&#8243;][vc_single_image image=&#8220;7937&#8243; img_size=&#8220;100&#215;100&#8243; alignment=&#8220;center&#8220; onclick=&#8220;custom_link&#8220; css_animation=&#8220;appear&#8220; link=&#8220;\/de\/anwendungen\/industrie\/&#8220;][vc_custom_heading text=&#8220;INDUSTRIE&#8220; font_container=&#8220;tag:h6|text_align:center&#8220; use_theme_fonts=&#8220;yes&#8220; link=&#8220;url:https%3A%2F%2Ftalleresarrano.com%2Fde%2Fanwendungen%2Findustrie%2F|title:Industrie&#8220; css=&#8220;.vc_custom_1617890746093{margin-top: -30px !important;}&#8220;][\/vc_column_inner][vc_column_inner width=&#8220;1\/2&#8243;][vc_single_image image=&#8220;7942&#8243; [&hellip;]<\/p>\n","protected":false},"author":1,"featured_media":0,"parent":0,"menu_order":0,"comment_status":"closed","ping_status":"open","template":"","meta":{"om_disable_all_campaigns":false,"_monsterinsights_skip_tracking":false,"_monsterinsights_sitenote_active":false,"_monsterinsights_sitenote_note":"","_monsterinsights_sitenote_category":0,"footnotes":""},"_links":{"self":[{"href":"https:\/\/talleresarrano.com\/de\/wp-json\/wp\/v2\/pages\/7931"}],"collection":[{"href":"https:\/\/talleresarrano.com\/de\/wp-json\/wp\/v2\/pages"}],"about":[{"href":"https:\/\/talleresarrano.com\/de\/wp-json\/wp\/v2\/types\/page"}],"author":[{"embeddable":true,"href":"https:\/\/talleresarrano.com\/de\/wp-json\/wp\/v2\/users\/1"}],"replies":[{"embeddable":true,"href":"https:\/\/talleresarrano.com\/de\/wp-json\/wp\/v2\/comments?post=7931"}],"version-history":[{"count":10,"href":"https:\/\/talleresarrano.com\/de\/wp-json\/wp\/v2\/pages\/7931\/revisions"}],"predecessor-version":[{"id":18667,"href":"https:\/\/talleresarrano.com\/de\/wp-json\/wp\/v2\/pages\/7931\/revisions\/18667"}],"wp:attachment":[{"href":"https:\/\/talleresarrano.com\/de\/wp-json\/wp\/v2\/media?parent=7931"}],"curies":[{"name":"wp","href":"https:\/\/api.w.org\/{rel}","templated":true}]}}