{"id":7987,"date":"2015-11-13T02:50:18","date_gmt":"2015-11-13T01:50:18","guid":{"rendered":"https:\/\/talleresarrano.com\/talleres-arrano\/"},"modified":"2023-05-11T08:38:21","modified_gmt":"2023-05-11T06:38:21","slug":"talleres-arrano","status":"publish","type":"page","link":"https:\/\/talleresarrano.com\/de\/talleres-arrano\/","title":{"rendered":"Talleres Arrano"},"content":{"rendered":"<p>[vc_row][vc_column width=&#8220;5\/6&#8243;][tw_heading title=&#8220;ARRANO TALLERES ELECTROMEC\u00c1NICOS S.L.&#8220; title_align=&#8220;left&#8220; title_style=&#8220;line&#8220; line_color=&#8220;#ffb126&#8243; tag=&#8220;h2&#8243;][vc_column_text el_class=&#8220;texto&#8220;]<span lang=\"DE\"><strong>Arrano Talleres Electromec\u00e1nicos S.L.<\/strong> begann seine T\u00e4tigkeit 1986 unter dem Namen Suministros Arrano. Dabei bot man Unternehmen in der Umgebung, die sich der Herstellung von rotierenden Elektromaschinen widmeten, haupts\u00e4chlich spezialisierte Dienstleistungen an.<\/span><\/p>\n<p><span lang=\"DE\">Im Laufe der Jahre wurden mehrere Investitionen get\u00e4tigt, die es uns erm\u00f6glichten, unseren Kunden einen umfassenden Reparaturservice f\u00fcr Elektromotoren und Generatoren anzubieten, einschlie\u00dflich eines <strong>technologisch fortschrittlichen Pyrolyseofens<\/strong> zur garantierten R\u00fcckgewinnung von Magnetkernen f\u00fcr die anschlie\u00dfende Neuwicklung. Wir haben auch verschiedene Maschinen<strong> f\u00fcr die Herstellung von Spulen mit Niederspannung und Hochspannung, Auswuchtmaschine, Herstellung von isolierenden Teilen, VPI und Pr\u00fcfstand f\u00fcr Wechsel- und Gleichstrommotoren.<\/strong><\/span><\/p>\n<p><span lang=\"DE\">Um all diese Arbeiten durchf\u00fchren zu k\u00f6nnen, verf\u00fcgen wir \u00fcber ein <strong>hochqualifiziertes<\/strong> und erfahrenes Team, sowie \u00fcber einen internen Prozess f\u00fcr kontinuierliche Verbesserung und Schulung. Dank dessen haben wir im Jahr 2011 die Zertifizierung f\u00fcr die Normen <strong>ISO 9001:2015; ISO 14001:2015 und OHSAS 18001:2007 erhalten.<\/strong><\/span>[\/vc_column_text][\/vc_column][vc_column width=&#8220;1\/6&#8243;][vc_single_image image=&#8220;16692&#8243; img_size=&#8220;full&#8220; add_caption=&#8220;yes&#8220; alignment=&#8220;center&#8220; onclick=&#8220;custom_link&#8220; img_link_target=&#8220;_blank&#8220; css_animation=&#8220;appear&#8220; link=&#8220;https:\/\/talleresarrano.com\/wp-content\/uploads\/2022\/11\/0037450-QMS-SPAES-UKAS.pdf&#8220; css=&#8220;.vc_custom_1668007551929{margin-bottom: 0px !important;}&#8220;][vc_single_image image=&#8220;18665&#8243; img_size=&#8220;medium&#8220; onclick=&#8220;custom_link&#8220; img_link_target=&#8220;_blank&#8220; css_animation=&#8220;appear&#8220; link=&#8220;https:\/\/talleresarrano.com\/wp-content\/uploads\/2023\/05\/CERTIFICADO-ATEX-23ER0004-00-v1.pdf&#8220; css=&#8220;.vc_custom_1683787098231{padding-left: 15px !important;}&#8220;][\/vc_column][\/vc_row][vc_row][vc_column][vc_column_text]<\/p>\n<p>[\/vc_column_text][\/vc_column][\/vc_row][vc_row full_width=&#8220;stretch_row&#8220; css=&#8220;.vc_custom_1450082768252{margin-top: 0px !important;margin-bottom: 0px !important;padding-top: 20px !important;padding-bottom: 20px !important;background-color: #f0f0f0 !important;}&#8220;][vc_column][vc_cta h2=&#8220;&#8220; style=&#8220;flat&#8220; add_button=&#8220;right&#8220; btn_title=&#8220;ICH M\u00d6CHTE HILFE&#8220; btn_shape=&#8220;square&#8220; btn_color=&#8220;warning&#8220; btn_size=&#8220;lg&#8220; btn_align=&#8220;center&#8220; btn_css_animation=&#8220;appear&#8220; btn_button_block=&#8220;true&#8220; el_class=&#8220;footer-call-of-action&#8220; btn_link=&#8220;url:https%3A%2F%2Ftalleresarrano.com%2Fde%2Fkontakt%2F|title:Kontakt&#8220;]Wenn Sie Ratschl\u00e4ge zu<strong> L\u00f6sungen und Anwendungen w\u00fcnschen<\/strong>, die f\u00fcr Ihr Unternehmen am besten geeignet sind, <strong>k\u00f6nnen wir Ihnen helfen.<\/strong>[\/vc_cta][\/vc_column][\/vc_row]<\/p>\n","protected":false},"excerpt":{"rendered":"<p>[vc_row][vc_column width=&#8220;5\/6&#8243;][tw_heading title=&#8220;ARRANO TALLERES ELECTROMEC\u00c1NICOS S.L.&#8220; title_align=&#8220;left&#8220; title_style=&#8220;line&#8220; line_color=&#8220;#ffb126&#8243; tag=&#8220;h2&#8243;][vc_column_text el_class=&#8220;texto&#8220;]Arrano Talleres Electromec\u00e1nicos S.L. begann seine T\u00e4tigkeit 1986 unter dem Namen Suministros Arrano. Dabei bot man Unternehmen in der Umgebung, die sich der Herstellung von rotierenden Elektromaschinen widmeten, haupts\u00e4chlich spezialisierte Dienstleistungen an. Im Laufe der Jahre wurden mehrere Investitionen get\u00e4tigt, die es uns erm\u00f6glichten, unseren [&hellip;]<\/p>\n","protected":false},"author":1,"featured_media":0,"parent":0,"menu_order":0,"comment_status":"closed","ping_status":"closed","template":"","meta":{"om_disable_all_campaigns":false,"_monsterinsights_skip_tracking":false,"_monsterinsights_sitenote_active":false,"_monsterinsights_sitenote_note":"","_monsterinsights_sitenote_category":0,"footnotes":""},"_links":{"self":[{"href":"https:\/\/talleresarrano.com\/de\/wp-json\/wp\/v2\/pages\/7987"}],"collection":[{"href":"https:\/\/talleresarrano.com\/de\/wp-json\/wp\/v2\/pages"}],"about":[{"href":"https:\/\/talleresarrano.com\/de\/wp-json\/wp\/v2\/types\/page"}],"author":[{"embeddable":true,"href":"https:\/\/talleresarrano.com\/de\/wp-json\/wp\/v2\/users\/1"}],"replies":[{"embeddable":true,"href":"https:\/\/talleresarrano.com\/de\/wp-json\/wp\/v2\/comments?post=7987"}],"version-history":[{"count":7,"href":"https:\/\/talleresarrano.com\/de\/wp-json\/wp\/v2\/pages\/7987\/revisions"}],"predecessor-version":[{"id":18679,"href":"https:\/\/talleresarrano.com\/de\/wp-json\/wp\/v2\/pages\/7987\/revisions\/18679"}],"wp:attachment":[{"href":"https:\/\/talleresarrano.com\/de\/wp-json\/wp\/v2\/media?parent=7987"}],"curies":[{"name":"wp","href":"https:\/\/api.w.org\/{rel}","templated":true}]}}