{"id":8108,"date":"2015-11-20T07:46:44","date_gmt":"2015-11-20T06:46:44","guid":{"rendered":"https:\/\/talleresarrano.com\/loesungen\/mantenimiento\/"},"modified":"2021-04-08T18:24:39","modified_gmt":"2021-04-08T16:24:39","slug":"wartung","status":"publish","type":"page","link":"https:\/\/talleresarrano.com\/de\/loesungen\/wartung\/","title":{"rendered":"Wartung"},"content":{"rendered":"<p>[vc_row full_width=&#8220;stretch_row&#8220; css=&#8220;.vc_custom_1571297628549{margin-top: 0px !important;margin-bottom: 0px !important;padding-top: 20px !important;padding-bottom: 20px !important;background-color: #f0f0f0 !important;}&#8220;][vc_column][vc_cta h2=&#8220;&#8220; style=&#8220;flat&#8220; add_button=&#8220;right&#8220; btn_title=&#8220;FRAGEN SIE UNS NACH<br \/>\nDER INTELLIGENTEN<br \/>\nDAUER\u00dcBERWACHUNG&#8220; btn_shape=&#8220;square&#8220; btn_color=&#8220;green&#8220; btn_size=&#8220;lg&#8220; btn_align=&#8220;center&#8220; btn_css_animation=&#8220;appear&#8220; btn_button_block=&#8220;true&#8220; el_class=&#8220;header-call-of-action&#8220; btn_link=&#8220;url:https%3A%2F%2Ftalleresarrano.com%2Fde%2Fkontakt%2F|title:Kontakt&#8220; css=&#8220;.vc_custom_1617898927726{padding-bottom: 0px !important;}&#8220;]<span lang=\"DE\">Die <strong>optimale Umsetzung der Wartung<\/strong> hat einen direkten Einfluss auf den Ertrag Ihres Unternehmens.<\/span><\/p>\n<p><span lang=\"DE\">Wenn Sie die Motoren\/Generatoren bei geringerer Auslastung warten lassen, k\u00f6nnen Sie die Maschine zu Spitzenlastzeiten zu 100 % betreiben, ohne sich Gedanken \u00fcber ihren Betrieb machen zu m\u00fcssen.<\/span>[\/vc_cta][vc_column_text el_class=&#8220;claim&#8220; css=&#8220;.vc_custom_1617176188603{padding-top: 15px !important;padding-bottom: 15px !important;}&#8220;]<\/p>\n<p style=\"text-align: center;\" align=\"center\"><strong><span lang=\"DE\">Unverzichtbar f\u00fcr Maschinen, die f\u00fcr den Produktionsablauf grundlegend sind!<\/span><\/strong><\/p>\n<p>[\/vc_column_text][vc_column_text el_class=&#8220;header-call-of-action&#8220;]Angebotene Dienstleistungen:<\/p>\n<ul>\n<li><i class=\"fa fa-check\"><\/i>Inspektion mit W\u00e4rmebildkamera<\/li>\n<li><i class=\"fa fa-check\"><\/i>Elektrische \u00dcberpr\u00fcfung der Maschine<\/li>\n<li><i class=\"fa fa-check\"><\/i>R\u00fcckgewinnung der Isolierung<\/li>\n<li><i class=\"fa fa-check\"><\/i>Mechanische Pr\u00fcfung<\/li>\n<li><i class=\"fa fa-check\"><\/i>Auswuchten des Rotors<\/li>\n<li><i class=\"fa fa-check\"><\/i>Schwingungsmessung<\/li>\n<li><i class=\"fa fa-check\"><\/i>Austausch und Schmierung von Lagern<\/li>\n<li><i class=\"fa fa-check\"><\/i>Auswechseln der B\u00fcrsten<\/li>\n<li><i class=\"fa fa-check\"><\/i>Vor-Ort-Diagnose-Service<\/li>\n<li><i class=\"fa fa-check\"><\/i>Intelligente Dauer\u00fcberwachung<\/li>\n<\/ul>\n<p>[\/vc_column_text][\/vc_column][\/vc_row][vc_row][vc_column][vc_empty_space][vc_masonry_media_grid style=&#8220;load-more&#8220; items_per_page=&#8220;24&#8243; element_width=&#8220;2&#8243; btn_title=&#8220;CARGAR M\u00c1S FOTOS&#8220; btn_shape=&#8220;square&#8220; btn_color=&#8220;warning&#8220; btn_size=&#8220;lg&#8220; grid_id=&#8220;vc_gid:1617899075780-4fd96e84-44d6-1&#8243; include=&#8220;8130,8131,8132,8133,8134,8135,8136,8137,8138,8139,8140,8141,8142,8143&#8243;][\/vc_column][\/vc_row][vc_row full_width=&#8220;stretch_row&#8220; css=&#8220;.vc_custom_1450096769961{margin-bottom: 0px !important;background-color: #292929 !important;}&#8220;][vc_column][vc_custom_heading text=&#8220;VERF\u00dcGBARE ANWENDUNGEN&#8220; font_container=&#8220;tag:h3|text_align:center|color:%23ffffff&#8220; use_theme_fonts=&#8220;yes&#8220; css=&#8220;.vc_custom_1617174414994{padding-top: 5px !important;padding-right: 5px !important;padding-bottom: 5px !important;padding-left: 5px !important;}&#8220;][\/vc_column][\/vc_row][vc_row full_width=&#8220;stretch_row_content&#8220; css=&#8220;.vc_custom_1450261057856{margin-bottom: 0px !important;padding-top: 30px !important;padding-bottom: 30px !important;background-color: #e2e2e2 !important;}&#8220;][vc_column width=&#8220;1\/4&#8243;][vc_row_inner][vc_column_inner width=&#8220;1\/2&#8243;][vc_single_image image=&#8220;7935&#8243; img_size=&#8220;50&#215;50&#8243; alignment=&#8220;center&#8220; onclick=&#8220;custom_link&#8220; css_animation=&#8220;appear&#8220; link=&#8220;\/de\/anwendungen\/zementindustrie\/&#8220;][vc_custom_heading text=&#8220;ZEMENTINDUSTRIE&#8220; font_container=&#8220;tag:h6|text_align:center&#8220; use_theme_fonts=&#8220;yes&#8220; link=&#8220;url:https%3A%2F%2Ftalleresarrano.com%2Fde%2Fanwendungen%2Fzementindustrie%2F|title:Zementindustrie&#8220; css=&#8220;.vc_custom_1617898274252{margin-top: -30px !important;}&#8220;][\/vc_column_inner][vc_column_inner width=&#8220;1\/2&#8243;][vc_single_image image=&#8220;7939&#8243; img_size=&#8220;50&#215;50&#8243; alignment=&#8220;center&#8220; onclick=&#8220;custom_link&#8220; css_animation=&#8220;appear&#8220; link=&#8220;\/de\/anwendungen\/energieerzeugung\/&#8220;][vc_custom_heading text=&#8220;ENERGIEERZEUGUNG&#8220; font_container=&#8220;tag:h6|text_align:center&#8220; use_theme_fonts=&#8220;yes&#8220; link=&#8220;url:https%3A%2F%2Ftalleresarrano.com%2Fde%2Fanwendungen%2Fenergieerzeugung%2F|title:Energieerzeugung&#8220; css=&#8220;.vc_custom_1617898297245{margin-top: -30px !important;}&#8220;][\/vc_column_inner][\/vc_row_inner][\/vc_column][vc_column width=&#8220;1\/4&#8243;][vc_row_inner][vc_column_inner width=&#8220;1\/2&#8243;][vc_single_image image=&#8220;7937&#8243; img_size=&#8220;50&#215;50&#8243; alignment=&#8220;center&#8220; onclick=&#8220;custom_link&#8220; css_animation=&#8220;appear&#8220; link=&#8220;\/de\/anwendungen\/industrie\/&#8220;][vc_custom_heading text=&#8220;INDUSTRIE&#8220; font_container=&#8220;tag:h6|text_align:center&#8220; use_theme_fonts=&#8220;yes&#8220; link=&#8220;url:https%3A%2F%2Ftalleresarrano.com%2Fde%2Fanwendungen%2Findustrie%2F|title:Industrie&#8220; css=&#8220;.vc_custom_1617898320849{margin-top: -30px !important;}&#8220;][\/vc_column_inner][vc_column_inner width=&#8220;1\/2&#8243;][vc_single_image image=&#8220;7942&#8243; img_size=&#8220;50&#215;50&#8243; alignment=&#8220;center&#8220; onclick=&#8220;custom_link&#8220; css_animation=&#8220;appear&#8220; link=&#8220;\/de\/anwendungen\/mini-wasserkraftwerk\/&#8220;][vc_custom_heading text=&#8220;MINI-WASSERKRAFTWERK&#8220; font_container=&#8220;tag:h6|text_align:center&#8220; use_theme_fonts=&#8220;yes&#8220; link=&#8220;url:https%3A%2F%2Ftalleresarrano.com%2Fde%2Fanwendungen%2Fmini-wasserkraftwerk%2F|title:Mini-Wasserkraftwerk&#8220; css=&#8220;.vc_custom_1617898348523{margin-top: -30px !important;}&#8220;][\/vc_column_inner][\/vc_row_inner][\/vc_column][vc_column width=&#8220;1\/4&#8243;][vc_row_inner][vc_column_inner width=&#8220;1\/2&#8243;][vc_single_image image=&#8220;7938&#8243; img_size=&#8220;50&#215;50&#8243; alignment=&#8220;center&#8220; onclick=&#8220;custom_link&#8220; css_animation=&#8220;appear&#8220; link=&#8220;\/de\/anwendungen\/papierindustrie\/&#8220;][vc_custom_heading text=&#8220;PAPIERINDUSTRIE&#8220; font_container=&#8220;tag:h6|text_align:center&#8220; use_theme_fonts=&#8220;yes&#8220; link=&#8220;url:https%3A%2F%2Ftalleresarrano.com%2Fde%2Fanwendungen%2Fpapierindustrie%2F|title:Papierindustrie&#8220; css=&#8220;.vc_custom_1617898388868{margin-top: -30px !important;}&#8220;][\/vc_column_inner][vc_column_inner width=&#8220;1\/2&#8243;][vc_single_image image=&#8220;7940&#8243; img_size=&#8220;50&#215;50&#8243; alignment=&#8220;center&#8220; onclick=&#8220;custom_link&#8220; css_animation=&#8220;appear&#8220; link=&#8220;\/de\/anwendungen\/windkraft\/&#8220;][vc_custom_heading text=&#8220;WINDKRAFT&#8220; font_container=&#8220;tag:h6|text_align:center&#8220; use_theme_fonts=&#8220;yes&#8220; link=&#8220;url:https%3A%2F%2Ftalleresarrano.com%2Fde%2Fanwendungen%2Fwindkraft%2F|title:Windkraft&#8220; css=&#8220;.vc_custom_1617898633568{margin-top: -30px !important;}&#8220;][\/vc_column_inner][\/vc_row_inner][\/vc_column][vc_column width=&#8220;1\/4&#8243;][vc_row_inner][vc_column_inner width=&#8220;1\/2&#8243;][vc_single_image image=&#8220;7936&#8243; img_size=&#8220;50&#215;50&#8243; alignment=&#8220;center&#8220; onclick=&#8220;custom_link&#8220; css_animation=&#8220;appear&#8220; link=&#8220;\/de\/anwendungen\/schifffahrt\/&#8220;][vc_custom_heading text=&#8220;SCHIFFFAHRT&#8220; font_container=&#8220;tag:h6|text_align:center&#8220; use_theme_fonts=&#8220;yes&#8220; link=&#8220;url:https%3A%2F%2Ftalleresarrano.com%2Fde%2Fanwendungen%2Fschifffahrt%2F|title:Schifffahrt&#8220; css=&#8220;.vc_custom_1617898666171{margin-top: -30px !important;}&#8220;][\/vc_column_inner][vc_column_inner width=&#8220;1\/2&#8243;][vc_single_image image=&#8220;7941&#8243; img_size=&#8220;50&#215;50&#8243; alignment=&#8220;center&#8220; onclick=&#8220;custom_link&#8220; css_animation=&#8220;appear&#8220; link=&#8220;\/de\/anwendungen\/pumpstationen\/&#8220;][vc_custom_heading text=&#8220;PUMPSTATIONEN&#8220; font_container=&#8220;tag:h6|text_align:center&#8220; use_theme_fonts=&#8220;yes&#8220; link=&#8220;url:https%3A%2F%2Ftalleresarrano.com%2Fde%2Fanwendungen%2Fpumpstationen%2F|title:Pumpstationen&#8220; css=&#8220;.vc_custom_1617898687186{margin-top: -30px !important;}&#8220;][\/vc_column_inner][\/vc_row_inner][\/vc_column][\/vc_row]<\/p>\n","protected":false},"excerpt":{"rendered":"<p>[vc_row full_width=&#8220;stretch_row&#8220; css=&#8220;.vc_custom_1571297628549{margin-top: 0px !important;margin-bottom: 0px !important;padding-top: 20px !important;padding-bottom: 20px !important;background-color: #f0f0f0 !important;}&#8220;][vc_column][vc_cta h2=&#8220;&#8220; style=&#8220;flat&#8220; add_button=&#8220;right&#8220; btn_title=&#8220;FRAGEN SIE UNS NACH DER INTELLIGENTEN DAUER\u00dcBERWACHUNG&#8220; btn_shape=&#8220;square&#8220; btn_color=&#8220;green&#8220; btn_size=&#8220;lg&#8220; btn_align=&#8220;center&#8220; btn_css_animation=&#8220;appear&#8220; btn_button_block=&#8220;true&#8220; el_class=&#8220;header-call-of-action&#8220; btn_link=&#8220;url:https%3A%2F%2Ftalleresarrano.com%2Fde%2Fkontakt%2F|title:Kontakt&#8220; css=&#8220;.vc_custom_1617898927726{padding-bottom: 0px !important;}&#8220;]Die optimale Umsetzung der Wartung hat einen direkten Einfluss auf den Ertrag Ihres Unternehmens. Wenn Sie die Motoren\/Generatoren bei geringerer Auslastung warten [&hellip;]<\/p>\n","protected":false},"author":1,"featured_media":0,"parent":8054,"menu_order":0,"comment_status":"closed","ping_status":"closed","template":"","meta":{"om_disable_all_campaigns":false,"_monsterinsights_skip_tracking":false,"_monsterinsights_sitenote_active":false,"_monsterinsights_sitenote_note":"","_monsterinsights_sitenote_category":0,"footnotes":""},"_links":{"self":[{"href":"https:\/\/talleresarrano.com\/de\/wp-json\/wp\/v2\/pages\/8108"}],"collection":[{"href":"https:\/\/talleresarrano.com\/de\/wp-json\/wp\/v2\/pages"}],"about":[{"href":"https:\/\/talleresarrano.com\/de\/wp-json\/wp\/v2\/types\/page"}],"author":[{"embeddable":true,"href":"https:\/\/talleresarrano.com\/de\/wp-json\/wp\/v2\/users\/1"}],"replies":[{"embeddable":true,"href":"https:\/\/talleresarrano.com\/de\/wp-json\/wp\/v2\/comments?post=8108"}],"version-history":[{"count":7,"href":"https:\/\/talleresarrano.com\/de\/wp-json\/wp\/v2\/pages\/8108\/revisions"}],"predecessor-version":[{"id":8892,"href":"https:\/\/talleresarrano.com\/de\/wp-json\/wp\/v2\/pages\/8108\/revisions\/8892"}],"up":[{"embeddable":true,"href":"https:\/\/talleresarrano.com\/de\/wp-json\/wp\/v2\/pages\/8054"}],"wp:attachment":[{"href":"https:\/\/talleresarrano.com\/de\/wp-json\/wp\/v2\/media?parent=8108"}],"curies":[{"name":"wp","href":"https:\/\/api.w.org\/{rel}","templated":true}]}}