{"id":8430,"date":"2015-11-20T06:04:10","date_gmt":"2015-11-20T05:04:10","guid":{"rendered":"https:\/\/talleresarrano.com\/anwendungen\/industria\/"},"modified":"2021-06-16T19:11:24","modified_gmt":"2021-06-16T17:11:24","slug":"industrie","status":"publish","type":"page","link":"https:\/\/talleresarrano.com\/de\/anwendungen\/industrie\/","title":{"rendered":"Industrie"},"content":{"rendered":"<p>[vc_row full_width=&#8220;stretch_row&#8220; css=&#8220;.vc_custom_1450082768252{margin-top: 0px !important;margin-bottom: 0px !important;padding-top: 20px !important;padding-bottom: 20px !important;background-color: #f0f0f0 !important;}&#8220;][vc_column][vc_cta h2=&#8220;&#8220; style=&#8220;flat&#8220; add_button=&#8220;right&#8220; btn_title=&#8220;MEHR INFORMATION&#8220; btn_shape=&#8220;square&#8220; btn_color=&#8220;green&#8220; btn_size=&#8220;lg&#8220; btn_align=&#8220;center&#8220; btn_css_animation=&#8220;appear&#8220; btn_button_block=&#8220;true&#8220; el_class=&#8220;header-call-of-action&#8220; btn_link=&#8220;url:https%3A%2F%2Ftalleresarrano.com%2Fde%2Fkontakt%2F|title:Kontakt&#8220;]Wie vermeiden Sie unerwartete Ausf\u00e4lle? Indem Sie eine an Ihre Bed\u00fcrfnisse angepasste Planung einer <strong>vorbeugenden oder korrigierenden Wartung<\/strong> durchf\u00fchren. Wir bieten einen absolut kundenorientierten Service mit der <strong>Flexibilit\u00e4t<\/strong>, die daf\u00fcr erforderlich ist. <strong>Vor-Ort-Diagnoseservice\u00a0<\/strong>und\u00a0<strong>intelligente Dauer\u00fcberwachung<\/strong>.[\/vc_cta][\/vc_column][\/vc_row][vc_row][vc_column][vc_empty_space][vc_masonry_media_grid element_width=&#8220;3&#8243; grid_id=&#8220;vc_gid:1623863433022-d94facfc-2fc1-10&#8243; include=&#8220;8478,8479,8480,8481,8482,8483,8484,8485,8486,8487,8488,8489,8490,8491,8492,8493,8494,8495,8496,8497&#8243;][\/vc_column][\/vc_row][vc_row full_width=&#8220;stretch_row&#8220; css=&#8220;.vc_custom_1450096769961{margin-bottom: 0px !important;background-color: #292929 !important;}&#8220;][vc_column][vc_custom_heading text=&#8220;VERF\u00dcGBARE L\u00d6SUNGEN&#8220; font_container=&#8220;tag:h3|text_align:center|color:%23ffffff&#8220; use_theme_fonts=&#8220;yes&#8220; css=&#8220;.vc_custom_1617179616150{padding-top: 5px !important;padding-right: 5px !important;padding-bottom: 5px !important;padding-left: 5px !important;}&#8220;][\/vc_column][\/vc_row][vc_row full_width=&#8220;stretch_row_content&#8220; css=&#8220;.vc_custom_1448005768535{margin-bottom: 0px !important;border-bottom-width: 0px !important;padding-bottom: 0px !important;background-color: #e8b100 !important;}&#8220;][vc_column width=&#8220;1\/3&#8243; css=&#8220;.vc_custom_1450083833169{padding-top: 10px !important;padding-right: 10px !important;padding-bottom: 10px !important;padding-left: 10px !important;background-color: #ffc02d !important;}&#8220;][vc_custom_heading text=&#8220;REPARATUREN&#8220; font_container=&#8220;tag:h3|text_align:center|color:%23ffffff&#8220; use_theme_fonts=&#8220;yes&#8220; link=&#8220;url:https%3A%2F%2Ftalleresarrano.com%2Fde%2Floesungen%2Freparaturen%2F|title:Reparaturen&#8220; css=&#8220;.vc_custom_1617179703405{padding-top: 10px !important;padding-right: 10px !important;padding-bottom: 10px !important;padding-left: 10px !important;}&#8220;][\/vc_column][vc_column width=&#8220;1\/3&#8243; css=&#8220;.vc_custom_1450083808840{padding-top: 10px !important;padding-right: 10px !important;padding-bottom: 10px !important;padding-left: 10px !important;background-color: #ffb200 !important;}&#8220;][vc_custom_heading text=&#8220;WARTUNG&#8220; font_container=&#8220;tag:h3|text_align:center|color:%23ffffff&#8220; use_theme_fonts=&#8220;yes&#8220; link=&#8220;url:https%3A%2F%2Ftalleresarrano.com%2Fde%2Floesungen%2Fwartung%2F|title:Wartung&#8220; css=&#8220;.vc_custom_1617179717119{padding-top: 10px !important;padding-right: 10px !important;padding-bottom: 10px !important;padding-left: 10px !important;}&#8220;][\/vc_column][vc_column width=&#8220;1\/3&#8243; css=&#8220;.vc_custom_1450083814488{padding-top: 10px !important;padding-right: 10px !important;padding-bottom: 10px !important;padding-left: 10px !important;}&#8220;][vc_custom_heading text=&#8220;ZUSATZARBEITEN&#8220; font_container=&#8220;tag:h3|text_align:center|color:%23ffffff&#8220; use_theme_fonts=&#8220;yes&#8220; link=&#8220;url:https%3A%2F%2Ftalleresarrano.com%2Fde%2Floesungen%2Fzusatzarbeiten%2F|title:Zusatzarbeiten&#8220; css=&#8220;.vc_custom_1617179807447{padding-top: 10px !important;padding-right: 10px !important;padding-bottom: 10px !important;padding-left: 10px !important;}&#8220;][\/vc_column][\/vc_row][vc_row full_width=&#8220;stretch_row&#8220; css=&#8220;.vc_custom_1450082768252{margin-top: 0px !important;margin-bottom: 0px !important;padding-top: 20px !important;padding-bottom: 20px !important;background-color: #f0f0f0 !important;}&#8220;][vc_column][vc_cta h2=&#8220;&#8220; style=&#8220;flat&#8220; add_button=&#8220;right&#8220; btn_title=&#8220;ICH M\u00d6CHTE HILFE&#8220; btn_shape=&#8220;square&#8220; btn_color=&#8220;warning&#8220; btn_size=&#8220;lg&#8220; btn_align=&#8220;center&#8220; btn_css_animation=&#8220;appear&#8220; btn_button_block=&#8220;true&#8220; el_class=&#8220;footer-call-of-action&#8220; btn_link=&#8220;url:https%3A%2F%2Ftalleresarrano.com%2Fde%2Fkontakt%2F|title:Kontakt&#8220;]Wenn Sie eine Beratung \u00fcber <strong>Dienstleistungen f\u00fcr die Industrie<\/strong> und die f\u00fcr Ihr Unternehmen am besten geeigneten Anwendungen w\u00fcnschen, <strong>k\u00f6nnen wir Ihnen helfen<\/strong>.[\/vc_cta][\/vc_column][\/vc_row][vc_row][vc_column][vc_column_text]<br \/>\n[\/vc_column_text][\/vc_column][\/vc_row]<\/p>\n","protected":false},"excerpt":{"rendered":"<p>[vc_row full_width=&#8220;stretch_row&#8220; css=&#8220;.vc_custom_1450082768252{margin-top: 0px !important;margin-bottom: 0px !important;padding-top: 20px !important;padding-bottom: 20px !important;background-color: #f0f0f0 !important;}&#8220;][vc_column][vc_cta h2=&#8220;&#8220; style=&#8220;flat&#8220; add_button=&#8220;right&#8220; btn_title=&#8220;MEHR INFORMATION&#8220; btn_shape=&#8220;square&#8220; btn_color=&#8220;green&#8220; btn_size=&#8220;lg&#8220; btn_align=&#8220;center&#8220; btn_css_animation=&#8220;appear&#8220; btn_button_block=&#8220;true&#8220; el_class=&#8220;header-call-of-action&#8220; btn_link=&#8220;url:https%3A%2F%2Ftalleresarrano.com%2Fde%2Fkontakt%2F|title:Kontakt&#8220;]Wie vermeiden Sie unerwartete Ausf\u00e4lle? Indem Sie eine an Ihre Bed\u00fcrfnisse angepasste Planung einer vorbeugenden oder korrigierenden Wartung durchf\u00fchren. Wir bieten einen absolut kundenorientierten Service mit der Flexibilit\u00e4t, die daf\u00fcr [&hellip;]<\/p>\n","protected":false},"author":1,"featured_media":0,"parent":8182,"menu_order":0,"comment_status":"closed","ping_status":"closed","template":"","meta":{"om_disable_all_campaigns":false,"_monsterinsights_skip_tracking":false,"_monsterinsights_sitenote_active":false,"_monsterinsights_sitenote_note":"","_monsterinsights_sitenote_category":0,"footnotes":""},"_links":{"self":[{"href":"https:\/\/talleresarrano.com\/de\/wp-json\/wp\/v2\/pages\/8430"}],"collection":[{"href":"https:\/\/talleresarrano.com\/de\/wp-json\/wp\/v2\/pages"}],"about":[{"href":"https:\/\/talleresarrano.com\/de\/wp-json\/wp\/v2\/types\/page"}],"author":[{"embeddable":true,"href":"https:\/\/talleresarrano.com\/de\/wp-json\/wp\/v2\/users\/1"}],"replies":[{"embeddable":true,"href":"https:\/\/talleresarrano.com\/de\/wp-json\/wp\/v2\/comments?post=8430"}],"version-history":[{"count":4,"href":"https:\/\/talleresarrano.com\/de\/wp-json\/wp\/v2\/pages\/8430\/revisions"}],"predecessor-version":[{"id":10171,"href":"https:\/\/talleresarrano.com\/de\/wp-json\/wp\/v2\/pages\/8430\/revisions\/10171"}],"up":[{"embeddable":true,"href":"https:\/\/talleresarrano.com\/de\/wp-json\/wp\/v2\/pages\/8182"}],"wp:attachment":[{"href":"https:\/\/talleresarrano.com\/de\/wp-json\/wp\/v2\/media?parent=8430"}],"curies":[{"name":"wp","href":"https:\/\/api.w.org\/{rel}","templated":true}]}}