{"id":7910,"date":"2021-03-26T07:02:38","date_gmt":"2021-03-26T06:02:38","guid":{"rendered":"https:\/\/talleresarrano.com\/?page_id=7910"},"modified":"2023-05-11T08:30:26","modified_gmt":"2023-05-11T06:30:26","slug":"home","status":"publish","type":"page","link":"https:\/\/talleresarrano.com\/fr\/","title":{"rendered":"Home"},"content":{"rendered":"<p>[vc_row full_width=\u00a0\u00bbstretch_row_content\u00a0\u00bb css=\u00a0\u00bb.vc_custom_1448010098176{padding-top: 30px !important;padding-bottom: 30px !important;background-color: #e2e2e2 !important;}\u00a0\u00bb][vc_column width=\u00a0\u00bb1\/4&Prime;][vc_row_inner][vc_column_inner width=\u00a0\u00bb1\/2&Prime;][vc_single_image image=\u00a0\u00bb7914&Prime; img_size=\u00a0\u00bb100&#215;100&Prime; alignment=\u00a0\u00bbcenter\u00a0\u00bb onclick=\u00a0\u00bbcustom_link\u00a0\u00bb css_animation=\u00a0\u00bbappear\u00a0\u00bb link=\u00a0\u00bb\/fr\/applications\/industrie-du-ciment\/\u00a0\u00bb][vc_custom_heading text=\u00a0\u00bbINDUSTRIE DU CIMENT\u00a0\u00bb font_container=\u00a0\u00bbtag:h6|text_align:center\u00a0\u00bb use_theme_fonts=\u00a0\u00bbyes\u00a0\u00bb link=\u00a0\u00bburl:https%3A%2F%2Ftalleresarrano.com%2Ffr%2Fapplications%2Findustrie-du-ciment%2F|title:Industrie%20du%20Ciment\u00a0\u00bb css=\u00a0\u00bb.vc_custom_1617634241126{margin-top: -30px !important;}\u00a0\u00bb][\/vc_column_inner][vc_column_inner width=\u00a0\u00bb1\/2&Prime;][vc_single_image image=\u00a0\u00bb7918&Prime; img_size=\u00a0\u00bb100&#215;100&Prime; alignment=\u00a0\u00bbcenter\u00a0\u00bb onclick=\u00a0\u00bbcustom_link\u00a0\u00bb css_animation=\u00a0\u00bbappear\u00a0\u00bb link=\u00a0\u00bb\/fr\/applications\/generation-denergie\/\u00a0\u00bb][vc_custom_heading text=\u00a0\u00bbG\u00c9N\u00c9RATION D\u2019\u00c9NERGIE\u00a0\u00bb font_container=\u00a0\u00bbtag:h6|text_align:center\u00a0\u00bb use_theme_fonts=\u00a0\u00bbyes\u00a0\u00bb link=\u00a0\u00bburl:https%3A%2F%2Ftalleresarrano.com%2Ffr%2Fapplications%2Fgeneration-denergie%2F|title:G%C3%A9n%C3%A9ration%20d%E2%80%99%C3%89nergie\u00a0\u00bb css=\u00a0\u00bb.vc_custom_1617634230958{margin-top: -30px !important;}\u00a0\u00bb][\/vc_column_inner][\/vc_row_inner][\/vc_column][vc_column width=\u00a0\u00bb1\/4&Prime;][vc_row_inner][vc_column_inner width=\u00a0\u00bb1\/2&Prime;][vc_single_image image=\u00a0\u00bb7916&Prime; img_size=\u00a0\u00bb100&#215;100&Prime; alignment=\u00a0\u00bbcenter\u00a0\u00bb onclick=\u00a0\u00bbcustom_link\u00a0\u00bb css_animation=\u00a0\u00bbappear\u00a0\u00bb link=\u00a0\u00bb\/fr\/applications\/industrie\/\u00a0\u00bb][vc_custom_heading text=\u00a0\u00bbINDUSTRIE\u00a0\u00bb font_container=\u00a0\u00bbtag:h6|text_align:center\u00a0\u00bb use_theme_fonts=\u00a0\u00bbyes\u00a0\u00bb link=\u00a0\u00bburl:https%3A%2F%2Ftalleresarrano.com%2Ffr%2Fapplications%2Findustrie%2F|title:Industrie%20du%20Papier\u00a0\u00bb css=\u00a0\u00bb.vc_custom_1617634219881{margin-top: -30px !important;}\u00a0\u00bb][\/vc_column_inner][vc_column_inner width=\u00a0\u00bb1\/2&Prime;][vc_single_image image=\u00a0\u00bb7921&Prime; img_size=\u00a0\u00bb100&#215;100&Prime; alignment=\u00a0\u00bbcenter\u00a0\u00bb onclick=\u00a0\u00bbcustom_link\u00a0\u00bb css_animation=\u00a0\u00bbappear\u00a0\u00bb link=\u00a0\u00bb\/fr\/applications\/mini-hydraulique\/\u00a0\u00bb][vc_custom_heading text=\u00a0\u00bbMINI-HYDRAULIQUE\u00a0\u00bb font_container=\u00a0\u00bbtag:h6|text_align:center\u00a0\u00bb use_theme_fonts=\u00a0\u00bbyes\u00a0\u00bb link=\u00a0\u00bburl:https%3A%2F%2Ftalleresarrano.com%2Ffr%2Fapplications%2Fmini-hydraulique%2F|title:Mini-Hydraulique\u00a0\u00bb css=\u00a0\u00bb.vc_custom_1617634206990{margin-top: -30px !important;}\u00a0\u00bb][\/vc_column_inner][\/vc_row_inner][\/vc_column][vc_column width=\u00a0\u00bb1\/4&Prime;][vc_row_inner][vc_column_inner width=\u00a0\u00bb1\/2&Prime;][vc_single_image image=\u00a0\u00bb7917&Prime; img_size=\u00a0\u00bb100&#215;100&Prime; alignment=\u00a0\u00bbcenter\u00a0\u00bb onclick=\u00a0\u00bbcustom_link\u00a0\u00bb css_animation=\u00a0\u00bbappear\u00a0\u00bb link=\u00a0\u00bb\/fr\/applications\/industrie-du-papier\/\u00a0\u00bb][vc_custom_heading text=\u00a0\u00bbINDUSTRIE DU PAPIER\u00a0\u00bb font_container=\u00a0\u00bbtag:h6|text_align:center\u00a0\u00bb use_theme_fonts=\u00a0\u00bbyes\u00a0\u00bb link=\u00a0\u00bburl:https%3A%2F%2Ftalleresarrano.com%2Ffr%2Fapplications%2Findustrie-du-papier%2F|title:Industrie%20du%20Papier\u00a0\u00bb css=\u00a0\u00bb.vc_custom_1617634195214{margin-top: -30px !important;}\u00a0\u00bb][\/vc_column_inner][vc_column_inner width=\u00a0\u00bb1\/2&Prime;][vc_single_image image=\u00a0\u00bb7919&Prime; img_size=\u00a0\u00bb100&#215;100&Prime; alignment=\u00a0\u00bbcenter\u00a0\u00bb onclick=\u00a0\u00bbcustom_link\u00a0\u00bb css_animation=\u00a0\u00bbappear\u00a0\u00bb link=\u00a0\u00bb\/fr\/applications\/eolienne\/\u00a0\u00bb][vc_custom_heading text=\u00a0\u00bb\u00c9OLIENNE\u00a0\u00bb font_container=\u00a0\u00bbtag:h6|text_align:center\u00a0\u00bb use_theme_fonts=\u00a0\u00bbyes\u00a0\u00bb link=\u00a0\u00bburl:https%3A%2F%2Ftalleresarrano.com%2Ffr%2Fapplications%2Feolienne%2F|title:%C3%89olienne\u00a0\u00bb css=\u00a0\u00bb.vc_custom_1617634182052{margin-top: -30px !important;}\u00a0\u00bb][\/vc_column_inner][\/vc_row_inner][\/vc_column][vc_column width=\u00a0\u00bb1\/4&Prime;][vc_row_inner][vc_column_inner width=\u00a0\u00bb1\/2&Prime;][vc_single_image image=\u00a0\u00bb7915&Prime; img_size=\u00a0\u00bb100&#215;100&Prime; alignment=\u00a0\u00bbcenter\u00a0\u00bb onclick=\u00a0\u00bbcustom_link\u00a0\u00bb css_animation=\u00a0\u00bbappear\u00a0\u00bb link=\u00a0\u00bb\/fr\/applications\/navale\/\u00a0\u00bb][vc_custom_heading text=\u00a0\u00bbNAVALE\u00a0\u00bb font_container=\u00a0\u00bbtag:h6|text_align:center\u00a0\u00bb use_theme_fonts=\u00a0\u00bbyes\u00a0\u00bb link=\u00a0\u00bburl:http%3A%2F%2Ftalleresarrano.com%2Faplicaciones%2Fnaval%2F||\u00a0\u00bb css=\u00a0\u00bb.vc_custom_1616738766581{margin-top: -30px !important;}\u00a0\u00bb][\/vc_column_inner][vc_column_inner width=\u00a0\u00bb1\/2&Prime;][vc_single_image image=\u00a0\u00bb7920&Prime; img_size=\u00a0\u00bb100&#215;100&Prime; alignment=\u00a0\u00bbcenter\u00a0\u00bb onclick=\u00a0\u00bbcustom_link\u00a0\u00bb css_animation=\u00a0\u00bbappear\u00a0\u00bb link=\u00a0\u00bb\/fr\/applications\/stations-de-pompage\/\u00a0\u00bb][vc_custom_heading text=\u00a0\u00bbSTATIONS DE POMPAGE\u00a0\u00bb font_container=\u00a0\u00bbtag:h6|text_align:center\u00a0\u00bb use_theme_fonts=\u00a0\u00bbyes\u00a0\u00bb link=\u00a0\u00bburl:http%3A%2F%2Ftalleresarrano.com%2Faplicaciones%2Festaciones-de-bombeo%2F||\u00a0\u00bb css=\u00a0\u00bb.vc_custom_1616738776582{margin-top: -30px !important;}\u00a0\u00bb][\/vc_column_inner][\/vc_row_inner][\/vc_column][\/vc_row][vc_row][vc_column][vc_column_text]<br \/>\n[\/vc_column_text][vc_row_inner][vc_column_inner][tw_heading title=\u00a0\u00bbARRANO TALLERES ELECTROMEC\u00c1NICOS\u00a0\u00bb title_style=\u00a0\u00bbline\u00a0\u00bb tag=\u00a0\u00bbh1&Prime;][\/vc_column_inner][\/vc_row_inner][\/vc_column][\/vc_row][vc_row_inner][vc_column_inner width=\u00a0\u00bb2\/3&Prime;][tw_heading title=\u00a0\u00bbDes solutions \u00e0 vos probl\u00e8mes\u00a0\u00bb title_align=\u00a0\u00bbleft\u00a0\u00bb tag=\u00a0\u00bbh2&Prime;][vc_empty_space height=\u00a0\u00bb18px\u00a0\u00bb][tw_text]<\/p>\n<p class=\"main-text\"><span lang=\"FR\">Votre moteur\/g\u00e9n\u00e9rateur pr\u00e9sente un probl\u00e8me ? Vous voulez \u00e9viter les arr\u00eats impr\u00e9vus ? Avec notre processus de <strong>maintenance pr\u00e9ventive<\/strong> ou corrective, <strong>vous r\u00e9duirez au minimum<\/strong> les probabilit\u00e9s de panne de votre machine, en r\u00e9alisant un arr\u00eat programm\u00e9 de la production.<\/span><\/p>\n<p class=\"main-text\"><strong><span lang=\"FR\">Appelez-nous maintenant<\/span><\/strong><span lang=\"FR\"> et <strong>nous r\u00e9soudrons<\/strong> les probl\u00e8mes \u00e9lectriques et m\u00e9caniques de votre machine \u00e9lectrique.<\/span><\/p>\n<p>[\/tw_text][vc_column_text]<img loading=\"lazy\" decoding=\"async\" class=\"wp-image-7688 alignleft\" src=\"https:\/\/talleresarrano.com\/wp-content\/uploads\/2021\/01\/Europar_batasuna_kolore-gaztelaniaz-e1610407553708.jpg\" alt=\"\" width=\"154\" height=\"130\" srcset=\"https:\/\/talleresarrano.com\/wp-content\/uploads\/2021\/01\/Europar_batasuna_kolore-gaztelaniaz-e1610407553708.jpg 823w, https:\/\/talleresarrano.com\/wp-content\/uploads\/2021\/01\/Europar_batasuna_kolore-gaztelaniaz-e1610407553708-300x252.jpg 300w, https:\/\/talleresarrano.com\/wp-content\/uploads\/2021\/01\/Europar_batasuna_kolore-gaztelaniaz-e1610407553708-768x645.jpg 768w\" sizes=\"(max-width: 154px) 100vw, 154px\" \/> \u00a0<img loading=\"lazy\" decoding=\"async\" class=\"wp-image-7686 alignleft\" style=\"margin-left: 10px;\" src=\"https:\/\/talleresarrano.com\/wp-content\/uploads\/2021\/01\/logo_leader-e1610407586223.jpg\" alt=\"\" width=\"99\" height=\"100\" srcset=\"https:\/\/talleresarrano.com\/wp-content\/uploads\/2021\/01\/logo_leader-e1610407586223.jpg 1050w, https:\/\/talleresarrano.com\/wp-content\/uploads\/2021\/01\/logo_leader-e1610407586223-298x300.jpg 298w, https:\/\/talleresarrano.com\/wp-content\/uploads\/2021\/01\/logo_leader-e1610407586223-1018x1024.jpg 1018w, https:\/\/talleresarrano.com\/wp-content\/uploads\/2021\/01\/logo_leader-e1610407586223-150x150.jpg 150w, https:\/\/talleresarrano.com\/wp-content\/uploads\/2021\/01\/logo_leader-e1610407586223-768x772.jpg 768w\" sizes=\"(max-width: 99px) 100vw, 99px\" \/><img loading=\"lazy\" decoding=\"async\" class=\"alignnone wp-image-18661\" src=\"https:\/\/talleresarrano.com\/wp-content\/uploads\/2023\/05\/saqr.jpg\" alt=\"\" width=\"309\" height=\"112\" srcset=\"https:\/\/talleresarrano.com\/wp-content\/uploads\/2023\/05\/saqr.jpg 372w, https:\/\/talleresarrano.com\/wp-content\/uploads\/2023\/05\/saqr-300x109.jpg 300w\" sizes=\"(max-width: 309px) 100vw, 309px\" \/>[\/vc_column_text][\/vc_column_inner][vc_column_inner width=\u00a0\u00bb1\/3&Prime;][vc_single_image image=\u00a0\u00bb9477&Prime; img_size=\u00a0\u00bbfull\u00a0\u00bb alignment=\u00a0\u00bbcenter\u00a0\u00bb style=\u00a0\u00bbvc_box_circle_2&Prime; onclick=\u00a0\u00bblink_image\u00a0\u00bb css_animation=\u00a0\u00bbappear\u00a0\u00bb][\/vc_column_inner][\/vc_row_inner][vc_row][vc_column][vc_column_text]<\/p>\n<p>[\/vc_column_text][\/vc_column][\/vc_row][vc_row full_width=\u00a0\u00bbstretch_row_content\u00a0\u00bb css=\u00a0\u00bb.vc_custom_1462199851958{margin-bottom: 0px !important;border-bottom-width: 0px !important;padding-bottom: 0px !important;background-color: #e8b100 !important;}\u00a0\u00bb][vc_column width=\u00a0\u00bb1\/3&Prime; css=\u00a0\u00bb.vc_custom_1616739371566{padding-top: 50px !important;padding-right: 50px !important;padding-bottom: 50px !important;padding-left: 50px !important;background-color: #ffc02d !important;}\u00a0\u00bb][vc_row_inner el_class=\u00a0\u00bbtriple-box\u00a0\u00bb][vc_column_inner width=\u00a0\u00bb1\/4&Prime;][tw_fonticon icon=\u00a0\u00bbfontawesome\u00a0\u00bb fontawesome=\u00a0\u00bbfa fa-wrench\u00a0\u00bb fi_size=\u00a0\u00bb44&Prime; fi_padding=\u00a0\u00bb0&Prime; fi_round=\u00a0\u00bb0&Prime; animation_delay=\u00a0\u00bb500&Prime; fi_color=\u00a0\u00bb#ffffff\u00a0\u00bb css=\u00a0\u00bb.vc_custom_1603994027286{margin-bottom: 0px !important;border-bottom-width: 0px !important;padding-bottom: 15px !important;}\u00a0\u00bb][\/vc_column_inner][vc_column_inner width=\u00a0\u00bb3\/4&Prime;][tw_text custom_class=\u00a0\u00bbservices-text\u00a0\u00bb animation_delay=\u00a0\u00bb300&Prime; element_dark=\u00a0\u00bbtrue\u00a0\u00bb link=\u00a0\u00bb#\u00a0\u00bb]<\/p>\n<h2><span lang=\"FR\">R\u00c9PARATION<\/span><\/h2>\n<p><span lang=\"FR\">Les machines tombent toujours en panne au mauvais moment. Contactez Talleres Arrano au plus vite pour trouver la meilleure solution.<\/span>[\/tw_text][\/vc_column_inner][\/vc_row_inner][\/vc_column][vc_column width=\u00a0\u00bb1\/3&Prime; css=\u00a0\u00bb.vc_custom_1616739384271{padding-top: 50px !important;padding-right: 50px !important;padding-bottom: 50px !important;padding-left: 50px !important;background-color: #ffb200 !important;}\u00a0\u00bb][vc_row_inner el_class=\u00a0\u00bbtriple-box\u00a0\u00bb][vc_column_inner width=\u00a0\u00bb1\/4&Prime;][tw_fonticon icon=\u00a0\u00bbfontawesome\u00a0\u00bb fontawesome=\u00a0\u00bbfa fa-cogs\u00a0\u00bb fi_size=\u00a0\u00bb44&Prime; fi_padding=\u00a0\u00bb0&Prime; fi_round=\u00a0\u00bb0&Prime; animation_delay=\u00a0\u00bb1000&Prime; fi_color=\u00a0\u00bb#ffffff\u00a0\u00bb css=\u00a0\u00bb.vc_custom_1603994033981{margin-bottom: 0px !important;border-bottom-width: 0px !important;padding-bottom: 15px !important;}\u00a0\u00bb][\/vc_column_inner][vc_column_inner width=\u00a0\u00bb3\/4&Prime;][tw_text custom_class=\u00a0\u00bbservices-text\u00a0\u00bb animation_delay=\u00a0\u00bb800&Prime; element_dark=\u00a0\u00bbtrue\u00a0\u00bb link=\u00a0\u00bb#\u00a0\u00bb]<\/p>\n<h2><span lang=\"FR\">MAINTENANCE<\/span><\/h2>\n<p><span lang=\"FR\">Contr\u00f4lez r\u00e9guli\u00e8rement l\u2019\u00e9tat de votre machine et anticipez les arr\u00eats impr\u00e9vus. \u00c9VITEZ LES PROBL\u00c8MES !<\/span><\/p>\n<p>[\/tw_text][\/vc_column_inner][\/vc_row_inner][\/vc_column][vc_column width=\u00a0\u00bb1\/3&Prime; css=\u00a0\u00bb.vc_custom_1616739155136{padding-top: 50px !important;padding-right: 50px !important;padding-bottom: 50px !important;padding-left: 50px !important;}\u00a0\u00bb el_class=\u00a0\u00bbtriple-box\u00a0\u00bb][vc_row_inner el_class=\u00a0\u00bbtriple-box\u00a0\u00bb][vc_column_inner width=\u00a0\u00bb1\/4&Prime;][tw_fonticon icon=\u00a0\u00bbfontawesome\u00a0\u00bb fontawesome=\u00a0\u00bbfa fa-check-square-o\u00a0\u00bb fi_size=\u00a0\u00bb44&Prime; fi_padding=\u00a0\u00bb0&Prime; fi_round=\u00a0\u00bb0&Prime; animation_delay=\u00a0\u00bb1500&Prime; fi_color=\u00a0\u00bb#ffffff\u00a0\u00bb css=\u00a0\u00bb.vc_custom_1603994046106{margin-bottom: 0px !important;border-bottom-width: 0px !important;padding-bottom: 15px !important;}\u00a0\u00bb][\/vc_column_inner][vc_column_inner width=\u00a0\u00bb3\/4&Prime;][tw_text custom_class=\u00a0\u00bbservices-text\u00a0\u00bb animation_delay=\u00a0\u00bb1300&Prime; element_dark=\u00a0\u00bbtrue\u00a0\u00bb link=\u00a0\u00bb#\u00a0\u00bb]<\/p>\n<h2><span lang=\"FR\">TRAVAUX AUXILIAIRES<\/span><\/h2>\n<p><span lang=\"FR\">Nous r\u00e9alisons un large \u00e9ventail de travaux auxiliaires en lien avec les machines \u00e9lectriques rotatives.<\/span>[\/tw_text][\/vc_column_inner][\/vc_row_inner][\/vc_column][\/vc_row]<\/p>\n","protected":false},"excerpt":{"rendered":"<p>[vc_row full_width=\u00a0\u00bbstretch_row_content\u00a0\u00bb css=\u00a0\u00bb.vc_custom_1448010098176{padding-top: 30px !important;padding-bottom: 30px !important;background-color: #e2e2e2 !important;}\u00a0\u00bb][vc_column width=\u00a0\u00bb1\/4&Prime;][vc_row_inner][vc_column_inner width=\u00a0\u00bb1\/2&Prime;][vc_single_image image=\u00a0\u00bb7914&Prime; img_size=\u00a0\u00bb100&#215;100&Prime; alignment=\u00a0\u00bbcenter\u00a0\u00bb onclick=\u00a0\u00bbcustom_link\u00a0\u00bb css_animation=\u00a0\u00bbappear\u00a0\u00bb link=\u00a0\u00bb\/fr\/applications\/industrie-du-ciment\/\u00a0\u00bb][vc_custom_heading text=\u00a0\u00bbINDUSTRIE DU CIMENT\u00a0\u00bb font_container=\u00a0\u00bbtag:h6|text_align:center\u00a0\u00bb use_theme_fonts=\u00a0\u00bbyes\u00a0\u00bb link=\u00a0\u00bburl:https%3A%2F%2Ftalleresarrano.com%2Ffr%2Fapplications%2Findustrie-du-ciment%2F|title:Industrie%20du%20Ciment\u00a0\u00bb css=\u00a0\u00bb.vc_custom_1617634241126{margin-top: -30px !important;}\u00a0\u00bb][\/vc_column_inner][vc_column_inner width=\u00a0\u00bb1\/2&Prime;][vc_single_image image=\u00a0\u00bb7918&Prime; img_size=\u00a0\u00bb100&#215;100&Prime; alignment=\u00a0\u00bbcenter\u00a0\u00bb onclick=\u00a0\u00bbcustom_link\u00a0\u00bb css_animation=\u00a0\u00bbappear\u00a0\u00bb link=\u00a0\u00bb\/fr\/applications\/generation-denergie\/\u00a0\u00bb][vc_custom_heading text=\u00a0\u00bbG\u00c9N\u00c9RATION D\u2019\u00c9NERGIE\u00a0\u00bb font_container=\u00a0\u00bbtag:h6|text_align:center\u00a0\u00bb use_theme_fonts=\u00a0\u00bbyes\u00a0\u00bb link=\u00a0\u00bburl:https%3A%2F%2Ftalleresarrano.com%2Ffr%2Fapplications%2Fgeneration-denergie%2F|title:G%C3%A9n%C3%A9ration%20d%E2%80%99%C3%89nergie\u00a0\u00bb css=\u00a0\u00bb.vc_custom_1617634230958{margin-top: -30px !important;}\u00a0\u00bb][\/vc_column_inner][\/vc_row_inner][\/vc_column][vc_column width=\u00a0\u00bb1\/4&Prime;][vc_row_inner][vc_column_inner width=\u00a0\u00bb1\/2&Prime;][vc_single_image image=\u00a0\u00bb7916&Prime; img_size=\u00a0\u00bb100&#215;100&Prime; alignment=\u00a0\u00bbcenter\u00a0\u00bb onclick=\u00a0\u00bbcustom_link\u00a0\u00bb css_animation=\u00a0\u00bbappear\u00a0\u00bb link=\u00a0\u00bb\/fr\/applications\/industrie\/\u00a0\u00bb][vc_custom_heading text=\u00a0\u00bbINDUSTRIE\u00a0\u00bb font_container=\u00a0\u00bbtag:h6|text_align:center\u00a0\u00bb use_theme_fonts=\u00a0\u00bbyes\u00a0\u00bb link=\u00a0\u00bburl:https%3A%2F%2Ftalleresarrano.com%2Ffr%2Fapplications%2Findustrie%2F|title:Industrie%20du%20Papier\u00a0\u00bb css=\u00a0\u00bb.vc_custom_1617634219881{margin-top: -30px [&hellip;]<\/p>\n","protected":false},"author":1,"featured_media":0,"parent":0,"menu_order":0,"comment_status":"closed","ping_status":"open","template":"","meta":{"om_disable_all_campaigns":false,"_monsterinsights_skip_tracking":false,"_monsterinsights_sitenote_active":false,"_monsterinsights_sitenote_note":"","_monsterinsights_sitenote_category":0,"footnotes":""},"_links":{"self":[{"href":"https:\/\/talleresarrano.com\/fr\/wp-json\/wp\/v2\/pages\/7910"}],"collection":[{"href":"https:\/\/talleresarrano.com\/fr\/wp-json\/wp\/v2\/pages"}],"about":[{"href":"https:\/\/talleresarrano.com\/fr\/wp-json\/wp\/v2\/types\/page"}],"author":[{"embeddable":true,"href":"https:\/\/talleresarrano.com\/fr\/wp-json\/wp\/v2\/users\/1"}],"replies":[{"embeddable":true,"href":"https:\/\/talleresarrano.com\/fr\/wp-json\/wp\/v2\/comments?post=7910"}],"version-history":[{"count":14,"href":"https:\/\/talleresarrano.com\/fr\/wp-json\/wp\/v2\/pages\/7910\/revisions"}],"predecessor-version":[{"id":18668,"href":"https:\/\/talleresarrano.com\/fr\/wp-json\/wp\/v2\/pages\/7910\/revisions\/18668"}],"wp:attachment":[{"href":"https:\/\/talleresarrano.com\/fr\/wp-json\/wp\/v2\/media?parent=7910"}],"curies":[{"name":"wp","href":"https:\/\/api.w.org\/{rel}","templated":true}]}}