{"id":7985,"date":"2015-11-13T02:50:18","date_gmt":"2015-11-13T01:50:18","guid":{"rendered":"https:\/\/talleresarrano.com\/talleres-arrano\/"},"modified":"2023-05-11T08:39:07","modified_gmt":"2023-05-11T06:39:07","slug":"talleres-arrano","status":"publish","type":"page","link":"https:\/\/talleresarrano.com\/fr\/talleres-arrano\/","title":{"rendered":"Talleres Arrano"},"content":{"rendered":"<p>[vc_row][vc_column width=\u00a0\u00bb5\/6&Prime;][tw_heading title=\u00a0\u00bbARRANO TALLERES ELECTROMEC\u00c1NICOS S.L.\u00a0\u00bb title_align=\u00a0\u00bbleft\u00a0\u00bb title_style=\u00a0\u00bbline\u00a0\u00bb line_color=\u00a0\u00bb#ffb126&Prime; tag=\u00a0\u00bbh2&Prime;][vc_column_text el_class=\u00a0\u00bbtexto\u00a0\u00bb]<span lang=\"FR\"><strong>Arrano Talleres Electromec\u00e1nicos S.L.<\/strong> a fait ses d\u00e9buts en 1986 sous le nom de Suministros Arrano. Elle offrait essentiellement de la main d&rsquo;\u0153uvre sp\u00e9cialis\u00e9e aux entreprises de la r\u00e9gion li\u00e9es la fabrication de machines \u00e9lectriques rotatives.<\/span><\/p>\n<p><span lang=\"FR\">Au fil des ann\u00e9es, divers investissements nous ont permis d\u2019offrir \u00e0 nos clients un service global de r\u00e9parations de moteurs et g\u00e9n\u00e9rateurs \u00e9lectriques avec, entre autres, un<strong> four pyrolytique technologiquement avanc\u00e9<\/strong> pour une r\u00e9cup\u00e9ration de garantie des noyaux magn\u00e9tiques pour leur rebobinage ult\u00e9rieur. Nous poss\u00e9dons \u00e9galement diff\u00e9rentes machines pour l<strong>a fabrication de bobines BT et AT, \u00e9quilibreuse, fabrication de pi\u00e8ces isolantes, VPI et Banc d\u2019Essais pour moteur CA et CC.<\/strong><\/span><\/p>\n<p><span lang=\"FR\">Pour la r\u00e9alisation de tous les travaux, nous disposons d\u2019une \u00e9quipe humaine <strong>hautement qualifi\u00e9e<\/strong> et avec une grande exp\u00e9rience, en plus d\u2019\u00eatre engag\u00e9e dans un processus interne d\u2019am\u00e9lioration et de formation continue. Gr\u00e2ce \u00e0 cela, nous sommes parvenus \u00e0 obtenir, en 2011, les certifications\u00a0<strong>ISO 9001:2015;\u00a0ISO 14001:2015\u00a0et\u00a0OHSAS 18001:2007<\/strong><\/span>[\/vc_column_text][\/vc_column][vc_column width=\u00a0\u00bb1\/6&Prime;][vc_single_image image=\u00a0\u00bb16691&Prime; img_size=\u00a0\u00bbfull\u00a0\u00bb add_caption=\u00a0\u00bbyes\u00a0\u00bb alignment=\u00a0\u00bbcenter\u00a0\u00bb onclick=\u00a0\u00bbcustom_link\u00a0\u00bb img_link_target=\u00a0\u00bb_blank\u00a0\u00bb css_animation=\u00a0\u00bbappear\u00a0\u00bb link=\u00a0\u00bbhttps:\/\/talleresarrano.com\/wp-content\/uploads\/2022\/11\/0037450-QMS-SPAES-UKAS.pdf\u00a0\u00bb css=\u00a0\u00bb.vc_custom_1668007526994{margin-bottom: 0px !important;}\u00a0\u00bb][vc_single_image image=\u00a0\u00bb18664&Prime; img_size=\u00a0\u00bbmedium\u00a0\u00bb onclick=\u00a0\u00bbcustom_link\u00a0\u00bb img_link_target=\u00a0\u00bb_blank\u00a0\u00bb css_animation=\u00a0\u00bbappear\u00a0\u00bb link=\u00a0\u00bbhttps:\/\/talleresarrano.com\/wp-content\/uploads\/2023\/05\/CERTIFICADO-ATEX-23ER0004-00-v1.pdf\u00a0\u00bb css=\u00a0\u00bb.vc_custom_1683787144374{padding-left: 15px !important;}\u00a0\u00bb][\/vc_column][\/vc_row][vc_row][vc_column][vc_column_text]<\/p>\n<p>[\/vc_column_text][\/vc_column][\/vc_row][vc_row full_width=\u00a0\u00bbstretch_row\u00a0\u00bb css=\u00a0\u00bb.vc_custom_1450082768252{margin-top: 0px !important;margin-bottom: 0px !important;padding-top: 20px !important;padding-bottom: 20px !important;background-color: #f0f0f0 !important;}\u00a0\u00bb][vc_column][vc_cta h2=\u00a0\u00bb\u00a0\u00bb style=\u00a0\u00bbflat\u00a0\u00bb add_button=\u00a0\u00bbright\u00a0\u00bb btn_title=\u00a0\u00bbJE SOUHAITE RECEVOIR DE L\u2019AIDE\u00a0\u00bb btn_shape=\u00a0\u00bbsquare\u00a0\u00bb btn_color=\u00a0\u00bbwarning\u00a0\u00bb btn_size=\u00a0\u00bblg\u00a0\u00bb btn_align=\u00a0\u00bbcenter\u00a0\u00bb btn_css_animation=\u00a0\u00bbappear\u00a0\u00bb btn_button_block=\u00a0\u00bbtrue\u00a0\u00bb el_class=\u00a0\u00bbfooter-call-of-action\u00a0\u00bb btn_link=\u00a0\u00bburl:https%3A%2F%2Ftalleresarrano.com%2Ffr%2Fcontacter%2F|title:Contact\u00a0\u00bb]<span lang=\"FR\">Si vous voulez des conseils sur des solutions et des applications qui s&rsquo;adaptent au mieux \u00e0 votre entreprise, <strong>nous pouvons vous aider<\/strong>.<\/span>[\/vc_cta][\/vc_column][\/vc_row]<\/p>\n","protected":false},"excerpt":{"rendered":"<p>[vc_row][vc_column width=\u00a0\u00bb5\/6&Prime;][tw_heading title=\u00a0\u00bbARRANO TALLERES ELECTROMEC\u00c1NICOS S.L.\u00a0\u00bb title_align=\u00a0\u00bbleft\u00a0\u00bb title_style=\u00a0\u00bbline\u00a0\u00bb line_color=\u00a0\u00bb#ffb126&Prime; tag=\u00a0\u00bbh2&Prime;][vc_column_text el_class=\u00a0\u00bbtexto\u00a0\u00bb]Arrano Talleres Electromec\u00e1nicos S.L. a fait ses d\u00e9buts en 1986 sous le nom de Suministros Arrano. Elle offrait essentiellement de la main d&rsquo;\u0153uvre sp\u00e9cialis\u00e9e aux entreprises de la r\u00e9gion li\u00e9es la fabrication de machines \u00e9lectriques rotatives. Au fil des ann\u00e9es, divers investissements nous ont permis [&hellip;]<\/p>\n","protected":false},"author":1,"featured_media":0,"parent":0,"menu_order":0,"comment_status":"closed","ping_status":"closed","template":"","meta":{"om_disable_all_campaigns":false,"_monsterinsights_skip_tracking":false,"_monsterinsights_sitenote_active":false,"_monsterinsights_sitenote_note":"","_monsterinsights_sitenote_category":0,"footnotes":""},"_links":{"self":[{"href":"https:\/\/talleresarrano.com\/fr\/wp-json\/wp\/v2\/pages\/7985"}],"collection":[{"href":"https:\/\/talleresarrano.com\/fr\/wp-json\/wp\/v2\/pages"}],"about":[{"href":"https:\/\/talleresarrano.com\/fr\/wp-json\/wp\/v2\/types\/page"}],"author":[{"embeddable":true,"href":"https:\/\/talleresarrano.com\/fr\/wp-json\/wp\/v2\/users\/1"}],"replies":[{"embeddable":true,"href":"https:\/\/talleresarrano.com\/fr\/wp-json\/wp\/v2\/comments?post=7985"}],"version-history":[{"count":8,"href":"https:\/\/talleresarrano.com\/fr\/wp-json\/wp\/v2\/pages\/7985\/revisions"}],"predecessor-version":[{"id":18680,"href":"https:\/\/talleresarrano.com\/fr\/wp-json\/wp\/v2\/pages\/7985\/revisions\/18680"}],"wp:attachment":[{"href":"https:\/\/talleresarrano.com\/fr\/wp-json\/wp\/v2\/media?parent=7985"}],"curies":[{"name":"wp","href":"https:\/\/api.w.org\/{rel}","templated":true}]}}