{"id":8029,"date":"2015-11-20T07:28:58","date_gmt":"2015-11-20T06:28:58","guid":{"rendered":"https:\/\/talleresarrano.com\/reparaciones\/"},"modified":"2021-04-05T16:57:11","modified_gmt":"2021-04-05T14:57:11","slug":"reparations","status":"publish","type":"page","link":"https:\/\/talleresarrano.com\/fr\/solutions\/reparations\/","title":{"rendered":"R\u00e9parations"},"content":{"rendered":"<p>[vc_row full_width=\u00a0\u00bbstretch_row\u00a0\u00bb css=\u00a0\u00bb.vc_custom_1450082768252{margin-top: 0px !important;margin-bottom: 0px !important;padding-top: 20px !important;padding-bottom: 20px !important;background-color: #f0f0f0 !important;}\u00a0\u00bb][vc_column][vc_cta h2=\u00a0\u00bb\u00a0\u00bb style=\u00a0\u00bbflat\u00a0\u00bb add_button=\u00a0\u00bbright\u00a0\u00bb btn_title=\u00a0\u00bbPLUS D&rsquo;INFORMATIONS\u00a0\u00bb btn_shape=\u00a0\u00bbsquare\u00a0\u00bb btn_color=\u00a0\u00bbgreen\u00a0\u00bb btn_size=\u00a0\u00bblg\u00a0\u00bb btn_align=\u00a0\u00bbcenter\u00a0\u00bb btn_css_animation=\u00a0\u00bbappear\u00a0\u00bb btn_button_block=\u00a0\u00bbtrue\u00a0\u00bb el_class=\u00a0\u00bbheader-call-of-action\u00a0\u00bb btn_link=\u00a0\u00bburl:http%3A%2F%2Ftalleresarrano.com%2Ffr%2Fcontacto%2F\u00a0\u00bb]<span lang=\"FR\">Nous r\u00e9alisons tout type de r\u00e9parations aussi bien <strong>\u00c9lectriques<\/strong> que <strong>M\u00e9caniques<\/strong> :<\/span><\/p>\n<ul>\n<li>Rebobinages<\/li>\n<li>R\u00e9parations partielles<\/li>\n<li>\u00c9quilibrage dynamique<\/li>\n<li>R\u00e9paration de noyaux magn\u00e9tiques<\/li>\n<li>Usinages divers (assises de roulements, axes, bo\u00eetiers, etc.)<\/li>\n<\/ul>\n<p><span lang=\"FR\">Contactez-nous pour remettre \u00e0 neuf ce moteur arr\u00eat\u00e9. <strong>Nous vous garantissons la conservation du rendement d\u2019origine du moteur<\/strong>.<\/span>[\/vc_cta][\/vc_column][\/vc_row][vc_row][vc_column][vc_empty_space][vc_masonry_media_grid style=\u00a0\u00bbload-more\u00a0\u00bb items_per_page=\u00a0\u00bb24&Prime; element_width=\u00a0\u00bb2&Prime; btn_title=\u00a0\u00bbCARGAR M\u00c1S FOTOS\u00a0\u00bb btn_shape=\u00a0\u00bbsquare\u00a0\u00bb btn_color=\u00a0\u00bbwarning\u00a0\u00bb btn_size=\u00a0\u00bblg\u00a0\u00bb grid_id=\u00a0\u00bbvc_gid:1617634397808-c8814d2d-d4c7-9&Prime; include=\u00a0\u00bb3973,3972,3974,3975,3976,3980,3978,3977,3979,3982,3983,3984,3987,3981,3986,3985&Prime;][\/vc_column][\/vc_row][vc_row full_width=\u00a0\u00bbstretch_row\u00a0\u00bb css=\u00a0\u00bb.vc_custom_1450096769961{margin-bottom: 0px !important;background-color: #292929 !important;}\u00a0\u00bb][vc_column][vc_custom_heading text=\u00a0\u00bbAPPLICATIONS DISPONIBLES\u00a0\u00bb font_container=\u00a0\u00bbtag:h3|text_align:center|color:%23ffffff\u00a0\u00bb use_theme_fonts=\u00a0\u00bbyes\u00a0\u00bb css=\u00a0\u00bb.vc_custom_1617124583560{padding-top: 5px !important;padding-right: 5px !important;padding-bottom: 5px !important;padding-left: 5px !important;}\u00a0\u00bb][\/vc_column][\/vc_row][vc_row full_width=\u00a0\u00bbstretch_row_content\u00a0\u00bb css=\u00a0\u00bb.vc_custom_1450261057856{margin-bottom: 0px !important;padding-top: 30px !important;padding-bottom: 30px !important;background-color: #e2e2e2 !important;}\u00a0\u00bb][vc_column width=\u00a0\u00bb1\/4&Prime;][vc_row_inner][vc_column_inner width=\u00a0\u00bb1\/2&Prime;][vc_single_image image=\u00a0\u00bb2977&Prime; img_size=\u00a0\u00bb50&#215;50&Prime; alignment=\u00a0\u00bbcenter\u00a0\u00bb onclick=\u00a0\u00bbcustom_link\u00a0\u00bb css_animation=\u00a0\u00bbappear\u00a0\u00bb link=\u00a0\u00bb\/fr\/applications\/industrie-du-ciment\/\u00a0\u00bb][vc_custom_heading text=\u00a0\u00bbINDUSTRIE DU CIMENT\u00a0\u00bb font_container=\u00a0\u00bbtag:h6|text_align:center\u00a0\u00bb use_theme_fonts=\u00a0\u00bbyes\u00a0\u00bb link=\u00a0\u00bburl:https%3A%2F%2Ftalleresarrano.com%2Ffr%2Fapplications%2Findustrie-du-ciment%2F|title:Industrie%20du%20Ciment\u00a0\u00bb css=\u00a0\u00bb.vc_custom_1617634554032{margin-top: -30px !important;}\u00a0\u00bb][\/vc_column_inner][vc_column_inner width=\u00a0\u00bb1\/2&Prime;][vc_single_image image=\u00a0\u00bb2981&Prime; img_size=\u00a0\u00bb50&#215;50&Prime; alignment=\u00a0\u00bbcenter\u00a0\u00bb onclick=\u00a0\u00bbcustom_link\u00a0\u00bb css_animation=\u00a0\u00bbappear\u00a0\u00bb link=\u00a0\u00bb\/fr\/applications\/generation-denergie\/\u00a0\u00bb][vc_custom_heading text=\u00a0\u00bbG\u00c9N\u00c9RATION D\u2019\u00c9NERGIE\u00a0\u00bb font_container=\u00a0\u00bbtag:h6|text_align:center\u00a0\u00bb use_theme_fonts=\u00a0\u00bbyes\u00a0\u00bb link=\u00a0\u00bburl:https%3A%2F%2Ftalleresarrano.com%2Ffr%2Fapplications%2Fgeneration-denergie%2F|title:G%C3%A9n%C3%A9ration%20d%E2%80%99%C3%89nergie\u00a0\u00bb css=\u00a0\u00bb.vc_custom_1617634566195{margin-top: -30px !important;}\u00a0\u00bb][\/vc_column_inner][\/vc_row_inner][\/vc_column][vc_column width=\u00a0\u00bb1\/4&Prime;][vc_row_inner][vc_column_inner width=\u00a0\u00bb1\/2&Prime;][vc_single_image image=\u00a0\u00bb2979&Prime; img_size=\u00a0\u00bb50&#215;50&Prime; alignment=\u00a0\u00bbcenter\u00a0\u00bb onclick=\u00a0\u00bbcustom_link\u00a0\u00bb css_animation=\u00a0\u00bbappear\u00a0\u00bb link=\u00a0\u00bb\/fr\/applications\/industrie\/\u00a0\u00bb][vc_custom_heading text=\u00a0\u00bbINDUSTRIE\u00a0\u00bb font_container=\u00a0\u00bbtag:h6|text_align:center\u00a0\u00bb use_theme_fonts=\u00a0\u00bbyes\u00a0\u00bb link=\u00a0\u00bburl:https%3A%2F%2Ftalleresarrano.com%2Ffr%2Fapplications%2Findustrie%2F|title:Industrie\u00a0\u00bb css=\u00a0\u00bb.vc_custom_1617634583281{margin-top: -30px !important;}\u00a0\u00bb][\/vc_column_inner][vc_column_inner width=\u00a0\u00bb1\/2&Prime;][vc_single_image image=\u00a0\u00bb2984&Prime; img_size=\u00a0\u00bb50&#215;50&Prime; alignment=\u00a0\u00bbcenter\u00a0\u00bb onclick=\u00a0\u00bbcustom_link\u00a0\u00bb css_animation=\u00a0\u00bbappear\u00a0\u00bb link=\u00a0\u00bb\/fr\/applications\/mini-hydraulique\/\u00a0\u00bb][vc_custom_heading text=\u00a0\u00bbMINI-HYDRAULIQUE\u00a0\u00bb font_container=\u00a0\u00bbtag:h6|text_align:center\u00a0\u00bb use_theme_fonts=\u00a0\u00bbyes\u00a0\u00bb link=\u00a0\u00bburl:https%3A%2F%2Ftalleresarrano.com%2Ffr%2Fapplications%2Fmini-hydraulique%2F|title:Mini-Hydraulique\u00a0\u00bb css=\u00a0\u00bb.vc_custom_1617634593181{margin-top: -30px !important;}\u00a0\u00bb][\/vc_column_inner][\/vc_row_inner][\/vc_column][vc_column width=\u00a0\u00bb1\/4&Prime;][vc_row_inner][vc_column_inner width=\u00a0\u00bb1\/2&Prime;][vc_single_image image=\u00a0\u00bb2980&Prime; img_size=\u00a0\u00bb50&#215;50&Prime; alignment=\u00a0\u00bbcenter\u00a0\u00bb onclick=\u00a0\u00bbcustom_link\u00a0\u00bb css_animation=\u00a0\u00bbappear\u00a0\u00bb link=\u00a0\u00bb\/fr\/applications\/industrie-du-papier\/\u00a0\u00bb][vc_custom_heading text=\u00a0\u00bbINDUSTRIE DU PAPIER\u00a0\u00bb font_container=\u00a0\u00bbtag:h6|text_align:center\u00a0\u00bb use_theme_fonts=\u00a0\u00bbyes\u00a0\u00bb link=\u00a0\u00bburl:https%3A%2F%2Ftalleresarrano.com%2Ffr%2Fapplications%2Findustrie-du-papier%2F|title:Industrie%20du%20Papier\u00a0\u00bb css=\u00a0\u00bb.vc_custom_1617634601911{margin-top: -30px !important;}\u00a0\u00bb][\/vc_column_inner][vc_column_inner width=\u00a0\u00bb1\/2&Prime;][vc_single_image image=\u00a0\u00bb2982&Prime; img_size=\u00a0\u00bb50&#215;50&Prime; alignment=\u00a0\u00bbcenter\u00a0\u00bb onclick=\u00a0\u00bbcustom_link\u00a0\u00bb css_animation=\u00a0\u00bbappear\u00a0\u00bb link=\u00a0\u00bb\/fr\/applications\/eolienne\/\u00a0\u00bb][vc_custom_heading text=\u00a0\u00bb\u00c9OLIENNE\u00a0\u00bb font_container=\u00a0\u00bbtag:h6|text_align:center\u00a0\u00bb use_theme_fonts=\u00a0\u00bbyes\u00a0\u00bb link=\u00a0\u00bburl:https%3A%2F%2Ftalleresarrano.com%2Ffr%2Fapplications%2Feolienne%2F|title:%C3%89olienne\u00a0\u00bb css=\u00a0\u00bb.vc_custom_1617634610550{margin-top: -30px !important;}\u00a0\u00bb][\/vc_column_inner][\/vc_row_inner][\/vc_column][vc_column width=\u00a0\u00bb1\/4&Prime;][vc_row_inner][vc_column_inner width=\u00a0\u00bb1\/2&Prime;][vc_single_image image=\u00a0\u00bb2978&Prime; img_size=\u00a0\u00bb50&#215;50&Prime; alignment=\u00a0\u00bbcenter\u00a0\u00bb onclick=\u00a0\u00bbcustom_link\u00a0\u00bb css_animation=\u00a0\u00bbappear\u00a0\u00bb link=\u00a0\u00bb\/fr\/applications\/navale\/\u00a0\u00bb][vc_custom_heading text=\u00a0\u00bbNAVALE\u00a0\u00bb font_container=\u00a0\u00bbtag:h6|text_align:center\u00a0\u00bb use_theme_fonts=\u00a0\u00bbyes\u00a0\u00bb link=\u00a0\u00bburl:https%3A%2F%2Ftalleresarrano.com%2Ffr%2Fapplications%2Fnavale%2F|title:Navale\u00a0\u00bb css=\u00a0\u00bb.vc_custom_1617634620825{margin-top: -30px !important;}\u00a0\u00bb][\/vc_column_inner][vc_column_inner width=\u00a0\u00bb1\/2&Prime;][vc_single_image image=\u00a0\u00bb2983&Prime; img_size=\u00a0\u00bb50&#215;50&Prime; alignment=\u00a0\u00bbcenter\u00a0\u00bb onclick=\u00a0\u00bbcustom_link\u00a0\u00bb css_animation=\u00a0\u00bbappear\u00a0\u00bb link=\u00a0\u00bb\/fr\/applications\/stations-de-pompage\/\u00a0\u00bb][vc_custom_heading text=\u00a0\u00bbSTATIONS DE POMPAGE\u00a0\u00bb font_container=\u00a0\u00bbtag:h6|text_align:center\u00a0\u00bb use_theme_fonts=\u00a0\u00bbyes\u00a0\u00bb link=\u00a0\u00bburl:https%3A%2F%2Ftalleresarrano.com%2Ffr%2Fapplications%2Fstations-de-pompage%2F|title:Stations%20de%20Pompage\u00a0\u00bb css=\u00a0\u00bb.vc_custom_1617634630104{margin-top: -30px !important;}\u00a0\u00bb][\/vc_column_inner][\/vc_row_inner][\/vc_column][\/vc_row]<\/p>\n","protected":false},"excerpt":{"rendered":"<p>[vc_row full_width=\u00a0\u00bbstretch_row\u00a0\u00bb css=\u00a0\u00bb.vc_custom_1450082768252{margin-top: 0px !important;margin-bottom: 0px !important;padding-top: 20px !important;padding-bottom: 20px !important;background-color: #f0f0f0 !important;}\u00a0\u00bb][vc_column][vc_cta h2=\u00a0\u00bb\u00a0\u00bb style=\u00a0\u00bbflat\u00a0\u00bb add_button=\u00a0\u00bbright\u00a0\u00bb btn_title=\u00a0\u00bbPLUS D&rsquo;INFORMATIONS\u00a0\u00bb btn_shape=\u00a0\u00bbsquare\u00a0\u00bb btn_color=\u00a0\u00bbgreen\u00a0\u00bb btn_size=\u00a0\u00bblg\u00a0\u00bb btn_align=\u00a0\u00bbcenter\u00a0\u00bb btn_css_animation=\u00a0\u00bbappear\u00a0\u00bb btn_button_block=\u00a0\u00bbtrue\u00a0\u00bb el_class=\u00a0\u00bbheader-call-of-action\u00a0\u00bb btn_link=\u00a0\u00bburl:http%3A%2F%2Ftalleresarrano.com%2Ffr%2Fcontacto%2F\u00a0\u00bb]Nous r\u00e9alisons tout type de r\u00e9parations aussi bien \u00c9lectriques que M\u00e9caniques : Rebobinages R\u00e9parations partielles \u00c9quilibrage dynamique R\u00e9paration de noyaux magn\u00e9tiques Usinages divers (assises de roulements, axes, bo\u00eetiers, etc.) Contactez-nous [&hellip;]<\/p>\n","protected":false},"author":1,"featured_media":0,"parent":8053,"menu_order":0,"comment_status":"closed","ping_status":"closed","template":"","meta":{"om_disable_all_campaigns":false,"_monsterinsights_skip_tracking":false,"_monsterinsights_sitenote_active":false,"_monsterinsights_sitenote_note":"","_monsterinsights_sitenote_category":0,"footnotes":""},"_links":{"self":[{"href":"https:\/\/talleresarrano.com\/fr\/wp-json\/wp\/v2\/pages\/8029"}],"collection":[{"href":"https:\/\/talleresarrano.com\/fr\/wp-json\/wp\/v2\/pages"}],"about":[{"href":"https:\/\/talleresarrano.com\/fr\/wp-json\/wp\/v2\/types\/page"}],"author":[{"embeddable":true,"href":"https:\/\/talleresarrano.com\/fr\/wp-json\/wp\/v2\/users\/1"}],"replies":[{"embeddable":true,"href":"https:\/\/talleresarrano.com\/fr\/wp-json\/wp\/v2\/comments?post=8029"}],"version-history":[{"count":4,"href":"https:\/\/talleresarrano.com\/fr\/wp-json\/wp\/v2\/pages\/8029\/revisions"}],"predecessor-version":[{"id":8775,"href":"https:\/\/talleresarrano.com\/fr\/wp-json\/wp\/v2\/pages\/8029\/revisions\/8775"}],"up":[{"embeddable":true,"href":"https:\/\/talleresarrano.com\/fr\/wp-json\/wp\/v2\/pages\/8053"}],"wp:attachment":[{"href":"https:\/\/talleresarrano.com\/fr\/wp-json\/wp\/v2\/media?parent=8029"}],"curies":[{"name":"wp","href":"https:\/\/api.w.org\/{rel}","templated":true}]}}