{"id":8106,"date":"2015-11-20T07:46:44","date_gmt":"2015-11-20T06:46:44","guid":{"rendered":"https:\/\/talleresarrano.com\/solutions\/mantenimiento\/"},"modified":"2021-04-08T11:59:16","modified_gmt":"2021-04-08T09:59:16","slug":"maintenance","status":"publish","type":"page","link":"https:\/\/talleresarrano.com\/fr\/solutions\/maintenance\/","title":{"rendered":"Maintenance"},"content":{"rendered":"<p>[vc_row full_width=\u00a0\u00bbstretch_row\u00a0\u00bb css=\u00a0\u00bb.vc_custom_1571297628549{margin-top: 0px !important;margin-bottom: 0px !important;padding-top: 20px !important;padding-bottom: 20px !important;background-color: #f0f0f0 !important;}\u00a0\u00bb][vc_column][vc_cta h2=\u00a0\u00bb\u00a0\u00bb style=\u00a0\u00bbflat\u00a0\u00bb add_button=\u00a0\u00bbright\u00a0\u00bb btn_title=\u00a0\u00bbDEMANDEZ PLUS D\u2019INFORMATIONS<br \/>\nSUR LA SURVEILLANCE<br \/>\nCONTINUE INTELLIGENTE\u00a0\u00bb btn_shape=\u00a0\u00bbsquare\u00a0\u00bb btn_color=\u00a0\u00bbgreen\u00a0\u00bb btn_size=\u00a0\u00bblg\u00a0\u00bb btn_align=\u00a0\u00bbcenter\u00a0\u00bb btn_css_animation=\u00a0\u00bbappear\u00a0\u00bb btn_button_block=\u00a0\u00bbtrue\u00a0\u00bb el_class=\u00a0\u00bbheader-call-of-action\u00a0\u00bb btn_link=\u00a0\u00bburl:https%3A%2F%2Ftalleresarrano.com%2Ffr%2Fcontacter%2F|title:Contact\u00a0\u00bb css=\u00a0\u00bb.vc_custom_1617875952856{padding-bottom: 0px !important;}\u00a0\u00bb]<span lang=\"FR\">Une <strong>application optimale de la maintenance<\/strong> se r\u00e9percute directement sur les b\u00e9n\u00e9fices de votre entreprise.<\/span><\/p>\n<p><span lang=\"FR\">V\u00e9rifier les moteurs\/g\u00e9n\u00e9rateurs lorsque la charge de travail est moindre vous permettra d\u2019avoir une machine qui marche \u00e0 100% lorsque la charge de travail est maximale sans devoir vous inqui\u00e9ter de son fonctionnement.<\/span>[\/vc_cta][vc_column_text el_class=\u00a0\u00bbclaim\u00a0\u00bb css=\u00a0\u00bb.vc_custom_1617175650973{padding-top: 15px !important;padding-bottom: 15px !important;}\u00a0\u00bb]<\/p>\n<p style=\"text-align: center;\" align=\"center\"><strong><span lang=\"FR\">Essentiel pour les machines cl\u00e9 de votre processus de production !<\/span><\/strong><\/p>\n<p>[\/vc_column_text][vc_column_text el_class=\u00a0\u00bbheader-call-of-action\u00a0\u00bb]Services propos\u00e9s :<\/p>\n<ul>\n<li><i class=\"fa fa-check\"><\/i>Inspection avec cam\u00e9ra thermographique<\/li>\n<li><i class=\"fa fa-check\"><\/i>V\u00e9rification \u00e9lectrique de la machine<\/li>\n<li><i class=\"fa fa-check\"><\/i>R\u00e9cup\u00e9ration de l\u2019isolement<\/li>\n<li><i class=\"fa fa-check\"><\/i>V\u00e9rification m\u00e9canique<\/li>\n<li><i class=\"fa fa-check\"><\/i>\u00c9quilibrage du rotor<\/li>\n<li><i class=\"fa fa-check\"><\/i>Mesure des vibrations<\/li>\n<li><i class=\"fa fa-check\"><\/i>Remplacement et graissage des roulements<\/li>\n<li><i class=\"fa fa-check\"><\/i>Remplacement des balais<\/li>\n<li><i class=\"fa fa-check\"><\/i>Service de diagnostic In Situ<\/li>\n<li><i class=\"fa fa-check\"><\/i>Surveillance Continue Intelligente<\/li>\n<\/ul>\n<p>[\/vc_column_text][\/vc_column][\/vc_row][vc_row][vc_column][vc_empty_space][vc_masonry_media_grid style=\u00a0\u00bbload-more\u00a0\u00bb items_per_page=\u00a0\u00bb24&Prime; element_width=\u00a0\u00bb2&Prime; btn_title=\u00a0\u00bbCARGAR M\u00c1S FOTOS\u00a0\u00bb btn_shape=\u00a0\u00bbsquare\u00a0\u00bb btn_color=\u00a0\u00bbwarning\u00a0\u00bb btn_size=\u00a0\u00bblg\u00a0\u00bb grid_id=\u00a0\u00bbvc_gid:1617875934192-6ebcbda1-502b-6&Prime; include=\u00a0\u00bb8112,8113,8114,8115,8116,8117,8118,8119,8120,8121,8122,8123,8124,8125&Prime;][\/vc_column][\/vc_row][vc_row full_width=\u00a0\u00bbstretch_row\u00a0\u00bb css=\u00a0\u00bb.vc_custom_1450096769961{margin-bottom: 0px !important;background-color: #292929 !important;}\u00a0\u00bb][vc_column][vc_custom_heading text=\u00a0\u00bbAPPLICATIONS DISPONIBLES\u00a0\u00bb font_container=\u00a0\u00bbtag:h3|text_align:center|color:%23ffffff\u00a0\u00bb use_theme_fonts=\u00a0\u00bbyes\u00a0\u00bb css=\u00a0\u00bb.vc_custom_1617124583560{padding-top: 5px !important;padding-right: 5px !important;padding-bottom: 5px !important;padding-left: 5px !important;}\u00a0\u00bb][\/vc_column][\/vc_row][vc_row full_width=\u00a0\u00bbstretch_row_content\u00a0\u00bb css=\u00a0\u00bb.vc_custom_1450261057856{margin-bottom: 0px !important;padding-top: 30px !important;padding-bottom: 30px !important;background-color: #e2e2e2 !important;}\u00a0\u00bb][vc_column width=\u00a0\u00bb1\/4&Prime;][vc_row_inner][vc_column_inner width=\u00a0\u00bb1\/2&Prime;][vc_single_image image=\u00a0\u00bb7914&Prime; img_size=\u00a0\u00bb50&#215;50&Prime; alignment=\u00a0\u00bbcenter\u00a0\u00bb onclick=\u00a0\u00bbcustom_link\u00a0\u00bb css_animation=\u00a0\u00bbappear\u00a0\u00bb link=\u00a0\u00bb\/fr\/applications\/industrie-du-ciment\/\u00a0\u00bb][vc_custom_heading text=\u00a0\u00bbINDUSTRIE DU CIMENT\u00a0\u00bb font_container=\u00a0\u00bbtag:h6|text_align:center\u00a0\u00bb use_theme_fonts=\u00a0\u00bbyes\u00a0\u00bb link=\u00a0\u00bburl:https%3A%2F%2Ftalleresarrano.com%2Ffr%2Fapplications%2Findustrie-du-ciment%2F|title:Industrie%20du%20Ciment\u00a0\u00bb css=\u00a0\u00bb.vc_custom_1617634554032{margin-top: -30px !important;}\u00a0\u00bb][\/vc_column_inner][vc_column_inner width=\u00a0\u00bb1\/2&Prime;][vc_single_image image=\u00a0\u00bb7918&Prime; img_size=\u00a0\u00bb50&#215;50&Prime; alignment=\u00a0\u00bbcenter\u00a0\u00bb onclick=\u00a0\u00bbcustom_link\u00a0\u00bb css_animation=\u00a0\u00bbappear\u00a0\u00bb link=\u00a0\u00bb\/fr\/applications\/generation-denergie\/\u00a0\u00bb][vc_custom_heading text=\u00a0\u00bbG\u00c9N\u00c9RATION D\u2019\u00c9NERGIE\u00a0\u00bb font_container=\u00a0\u00bbtag:h6|text_align:center\u00a0\u00bb use_theme_fonts=\u00a0\u00bbyes\u00a0\u00bb link=\u00a0\u00bburl:https%3A%2F%2Ftalleresarrano.com%2Ffr%2Fapplications%2Fgeneration-denergie%2F|title:G%C3%A9n%C3%A9ration%20d%E2%80%99%C3%89nergie\u00a0\u00bb css=\u00a0\u00bb.vc_custom_1617634566195{margin-top: -30px !important;}\u00a0\u00bb][\/vc_column_inner][\/vc_row_inner][\/vc_column][vc_column width=\u00a0\u00bb1\/4&Prime;][vc_row_inner][vc_column_inner width=\u00a0\u00bb1\/2&Prime;][vc_single_image image=\u00a0\u00bb7916&Prime; img_size=\u00a0\u00bb50&#215;50&Prime; alignment=\u00a0\u00bbcenter\u00a0\u00bb onclick=\u00a0\u00bbcustom_link\u00a0\u00bb css_animation=\u00a0\u00bbappear\u00a0\u00bb link=\u00a0\u00bb\/fr\/applications\/industrie\/\u00a0\u00bb][vc_custom_heading text=\u00a0\u00bbINDUSTRIE\u00a0\u00bb font_container=\u00a0\u00bbtag:h6|text_align:center\u00a0\u00bb use_theme_fonts=\u00a0\u00bbyes\u00a0\u00bb link=\u00a0\u00bburl:https%3A%2F%2Ftalleresarrano.com%2Ffr%2Fapplications%2Findustrie%2F|title:Industrie\u00a0\u00bb css=\u00a0\u00bb.vc_custom_1617634583281{margin-top: -30px !important;}\u00a0\u00bb][\/vc_column_inner][vc_column_inner width=\u00a0\u00bb1\/2&Prime;][vc_single_image image=\u00a0\u00bb7921&Prime; img_size=\u00a0\u00bb50&#215;50&Prime; alignment=\u00a0\u00bbcenter\u00a0\u00bb onclick=\u00a0\u00bbcustom_link\u00a0\u00bb css_animation=\u00a0\u00bbappear\u00a0\u00bb link=\u00a0\u00bb\/fr\/applications\/mini-hydraulique\/\u00a0\u00bb][vc_custom_heading text=\u00a0\u00bbMINI-HYDRAULIQUE\u00a0\u00bb font_container=\u00a0\u00bbtag:h6|text_align:center\u00a0\u00bb use_theme_fonts=\u00a0\u00bbyes\u00a0\u00bb link=\u00a0\u00bburl:https%3A%2F%2Ftalleresarrano.com%2Ffr%2Fapplications%2Fmini-hydraulique%2F|title:Mini-Hydraulique\u00a0\u00bb css=\u00a0\u00bb.vc_custom_1617634593181{margin-top: -30px !important;}\u00a0\u00bb][\/vc_column_inner][\/vc_row_inner][\/vc_column][vc_column width=\u00a0\u00bb1\/4&Prime;][vc_row_inner][vc_column_inner width=\u00a0\u00bb1\/2&Prime;][vc_single_image image=\u00a0\u00bb7917&Prime; img_size=\u00a0\u00bb50&#215;50&Prime; alignment=\u00a0\u00bbcenter\u00a0\u00bb onclick=\u00a0\u00bbcustom_link\u00a0\u00bb css_animation=\u00a0\u00bbappear\u00a0\u00bb link=\u00a0\u00bb\/fr\/applications\/industrie-du-papier\/\u00a0\u00bb][vc_custom_heading text=\u00a0\u00bbINDUSTRIE DU PAPIER\u00a0\u00bb font_container=\u00a0\u00bbtag:h6|text_align:center\u00a0\u00bb use_theme_fonts=\u00a0\u00bbyes\u00a0\u00bb link=\u00a0\u00bburl:https%3A%2F%2Ftalleresarrano.com%2Ffr%2Fapplications%2Findustrie-du-papier%2F|title:Industrie%20du%20Papier\u00a0\u00bb css=\u00a0\u00bb.vc_custom_1617634601911{margin-top: -30px !important;}\u00a0\u00bb][\/vc_column_inner][vc_column_inner width=\u00a0\u00bb1\/2&Prime;][vc_single_image image=\u00a0\u00bb7919&Prime; img_size=\u00a0\u00bb50&#215;50&Prime; alignment=\u00a0\u00bbcenter\u00a0\u00bb onclick=\u00a0\u00bbcustom_link\u00a0\u00bb css_animation=\u00a0\u00bbappear\u00a0\u00bb link=\u00a0\u00bb\/fr\/applications\/eolienne\/\u00a0\u00bb][vc_custom_heading text=\u00a0\u00bb\u00c9OLIENNE\u00a0\u00bb font_container=\u00a0\u00bbtag:h6|text_align:center\u00a0\u00bb use_theme_fonts=\u00a0\u00bbyes\u00a0\u00bb link=\u00a0\u00bburl:https%3A%2F%2Ftalleresarrano.com%2Ffr%2Fapplications%2Feolienne%2F|title:%C3%89olienne\u00a0\u00bb css=\u00a0\u00bb.vc_custom_1617634610550{margin-top: -30px !important;}\u00a0\u00bb][\/vc_column_inner][\/vc_row_inner][\/vc_column][vc_column width=\u00a0\u00bb1\/4&Prime;][vc_row_inner][vc_column_inner width=\u00a0\u00bb1\/2&Prime;][vc_single_image image=\u00a0\u00bb7915&Prime; img_size=\u00a0\u00bb50&#215;50&Prime; alignment=\u00a0\u00bbcenter\u00a0\u00bb onclick=\u00a0\u00bbcustom_link\u00a0\u00bb css_animation=\u00a0\u00bbappear\u00a0\u00bb link=\u00a0\u00bb\/fr\/applications\/navale\/\u00a0\u00bb][vc_custom_heading text=\u00a0\u00bbNAVALE\u00a0\u00bb font_container=\u00a0\u00bbtag:h6|text_align:center\u00a0\u00bb use_theme_fonts=\u00a0\u00bbyes\u00a0\u00bb link=\u00a0\u00bburl:https%3A%2F%2Ftalleresarrano.com%2Ffr%2Fapplications%2Fnavale%2F|title:Navale\u00a0\u00bb css=\u00a0\u00bb.vc_custom_1617634620825{margin-top: -30px !important;}\u00a0\u00bb][\/vc_column_inner][vc_column_inner width=\u00a0\u00bb1\/2&Prime;][vc_single_image image=\u00a0\u00bb7920&Prime; img_size=\u00a0\u00bb50&#215;50&Prime; alignment=\u00a0\u00bbcenter\u00a0\u00bb onclick=\u00a0\u00bbcustom_link\u00a0\u00bb css_animation=\u00a0\u00bbappear\u00a0\u00bb link=\u00a0\u00bb\/fr\/applications\/stations-de-pompage\/\u00a0\u00bb][vc_custom_heading text=\u00a0\u00bbSTATIONS DE POMPAGE\u00a0\u00bb font_container=\u00a0\u00bbtag:h6|text_align:center\u00a0\u00bb use_theme_fonts=\u00a0\u00bbyes\u00a0\u00bb link=\u00a0\u00bburl:https%3A%2F%2Ftalleresarrano.com%2Ffr%2Fapplications%2Fstations-de-pompage%2F|title:Stations%20de%20Pompage\u00a0\u00bb css=\u00a0\u00bb.vc_custom_1617634630104{margin-top: -30px !important;}\u00a0\u00bb][\/vc_column_inner][\/vc_row_inner][\/vc_column][\/vc_row]<\/p>\n","protected":false},"excerpt":{"rendered":"<p>[vc_row full_width=\u00a0\u00bbstretch_row\u00a0\u00bb css=\u00a0\u00bb.vc_custom_1571297628549{margin-top: 0px !important;margin-bottom: 0px !important;padding-top: 20px !important;padding-bottom: 20px !important;background-color: #f0f0f0 !important;}\u00a0\u00bb][vc_column][vc_cta h2=\u00a0\u00bb\u00a0\u00bb style=\u00a0\u00bbflat\u00a0\u00bb add_button=\u00a0\u00bbright\u00a0\u00bb btn_title=\u00a0\u00bbDEMANDEZ PLUS D\u2019INFORMATIONS SUR LA SURVEILLANCE CONTINUE INTELLIGENTE\u00a0\u00bb btn_shape=\u00a0\u00bbsquare\u00a0\u00bb btn_color=\u00a0\u00bbgreen\u00a0\u00bb btn_size=\u00a0\u00bblg\u00a0\u00bb btn_align=\u00a0\u00bbcenter\u00a0\u00bb btn_css_animation=\u00a0\u00bbappear\u00a0\u00bb btn_button_block=\u00a0\u00bbtrue\u00a0\u00bb el_class=\u00a0\u00bbheader-call-of-action\u00a0\u00bb btn_link=\u00a0\u00bburl:https%3A%2F%2Ftalleresarrano.com%2Ffr%2Fcontacter%2F|title:Contact\u00a0\u00bb css=\u00a0\u00bb.vc_custom_1617875952856{padding-bottom: 0px !important;}\u00a0\u00bb]Une application optimale de la maintenance se r\u00e9percute directement sur les b\u00e9n\u00e9fices de votre entreprise. V\u00e9rifier les moteurs\/g\u00e9n\u00e9rateurs lorsque la charge [&hellip;]<\/p>\n","protected":false},"author":1,"featured_media":0,"parent":8053,"menu_order":0,"comment_status":"closed","ping_status":"closed","template":"","meta":{"om_disable_all_campaigns":false,"_monsterinsights_skip_tracking":false,"_monsterinsights_sitenote_active":false,"_monsterinsights_sitenote_note":"","_monsterinsights_sitenote_category":0,"footnotes":""},"_links":{"self":[{"href":"https:\/\/talleresarrano.com\/fr\/wp-json\/wp\/v2\/pages\/8106"}],"collection":[{"href":"https:\/\/talleresarrano.com\/fr\/wp-json\/wp\/v2\/pages"}],"about":[{"href":"https:\/\/talleresarrano.com\/fr\/wp-json\/wp\/v2\/types\/page"}],"author":[{"embeddable":true,"href":"https:\/\/talleresarrano.com\/fr\/wp-json\/wp\/v2\/users\/1"}],"replies":[{"embeddable":true,"href":"https:\/\/talleresarrano.com\/fr\/wp-json\/wp\/v2\/comments?post=8106"}],"version-history":[{"count":7,"href":"https:\/\/talleresarrano.com\/fr\/wp-json\/wp\/v2\/pages\/8106\/revisions"}],"predecessor-version":[{"id":8825,"href":"https:\/\/talleresarrano.com\/fr\/wp-json\/wp\/v2\/pages\/8106\/revisions\/8825"}],"up":[{"embeddable":true,"href":"https:\/\/talleresarrano.com\/fr\/wp-json\/wp\/v2\/pages\/8053"}],"wp:attachment":[{"href":"https:\/\/talleresarrano.com\/fr\/wp-json\/wp\/v2\/media?parent=8106"}],"curies":[{"name":"wp","href":"https:\/\/api.w.org\/{rel}","templated":true}]}}