{"id":8162,"date":"2015-11-20T07:59:07","date_gmt":"2015-11-20T06:59:07","guid":{"rendered":"https:\/\/talleresarrano.com\/solutions\/trabajos-auxiliares\/"},"modified":"2021-04-08T12:00:21","modified_gmt":"2021-04-08T10:00:21","slug":"travaux-auxiliaires","status":"publish","type":"page","link":"https:\/\/talleresarrano.com\/fr\/solutions\/travaux-auxiliaires\/","title":{"rendered":"Travaux Auxiliaires"},"content":{"rendered":"<p>[vc_row full_width=\u00a0\u00bbstretch_row\u00a0\u00bb css=\u00a0\u00bb.vc_custom_1450082768252{margin-top: 0px !important;margin-bottom: 0px !important;padding-top: 20px !important;padding-bottom: 20px !important;background-color: #f0f0f0 !important;}\u00a0\u00bb][vc_column][vc_cta h2=\u00a0\u00bb\u00a0\u00bb style=\u00a0\u00bbflat\u00a0\u00bb add_button=\u00a0\u00bbright\u00a0\u00bb btn_title=\u00a0\u00bbPLUS D&rsquo;INFORMATIONS\u00a0\u00bb btn_shape=\u00a0\u00bbsquare\u00a0\u00bb btn_color=\u00a0\u00bbgreen\u00a0\u00bb btn_size=\u00a0\u00bblg\u00a0\u00bb btn_align=\u00a0\u00bbcenter\u00a0\u00bb btn_css_animation=\u00a0\u00bbappear\u00a0\u00bb btn_button_block=\u00a0\u00bbtrue\u00a0\u00bb el_class=\u00a0\u00bbheader-call-of-action\u00a0\u00bb btn_link=\u00a0\u00bburl:https%3A%2F%2Ftalleresarrano.com%2Ffr%2Fcontacter%2F|title:Contact\u00a0\u00bb]Parmi les services auxiliaires, nous pouvons souligner :<\/p>\n<ul>\n<li>\u00a0<strong>Four pyrolytique<\/strong> pour r\u00e9cup\u00e9rer le stator et le rotor de votre machine. En garantissant les propri\u00e9t\u00e9s du noyau magn\u00e9tique.<\/li>\n<li>\u00a0<strong>Fabrication de bobines<\/strong> de jusqu\u2019\u00e0 12 kV.<\/li>\n<li><strong>Service de bobinage<\/strong> pour machines neuves<\/li>\n<\/ul>\n<p>[\/vc_cta][\/vc_column][\/vc_row][vc_row full_width=\u00a0\u00bbstretch_row\u00a0\u00bb css=\u00a0\u00bb.vc_custom_1450096769961{margin-bottom: 0px !important;background-color: #292929 !important;}\u00a0\u00bb][vc_column][vc_custom_heading text=\u00a0\u00bbAPPLICATIONS DISPONIBLES\u00a0\u00bb font_container=\u00a0\u00bbtag:h3|text_align:center|color:%23ffffff\u00a0\u00bb use_theme_fonts=\u00a0\u00bbyes\u00a0\u00bb css=\u00a0\u00bb.vc_custom_1617124583560{padding-top: 5px !important;padding-right: 5px !important;padding-bottom: 5px !important;padding-left: 5px !important;}\u00a0\u00bb][\/vc_column][\/vc_row][vc_row full_width=\u00a0\u00bbstretch_row_content\u00a0\u00bb css=\u00a0\u00bb.vc_custom_1450261057856{margin-bottom: 0px !important;padding-top: 30px !important;padding-bottom: 30px !important;background-color: #e2e2e2 !important;}\u00a0\u00bb][vc_column width=\u00a0\u00bb1\/4&Prime;][vc_row_inner][vc_column_inner width=\u00a0\u00bb1\/2&Prime;][vc_single_image image=\u00a0\u00bb7914&Prime; img_size=\u00a0\u00bb50&#215;50&Prime; alignment=\u00a0\u00bbcenter\u00a0\u00bb onclick=\u00a0\u00bbcustom_link\u00a0\u00bb css_animation=\u00a0\u00bbappear\u00a0\u00bb link=\u00a0\u00bb\/fr\/applications\/industrie-du-ciment\/\u00a0\u00bb][vc_custom_heading text=\u00a0\u00bbINDUSTRIE DU CIMENT\u00a0\u00bb font_container=\u00a0\u00bbtag:h6|text_align:center\u00a0\u00bb use_theme_fonts=\u00a0\u00bbyes\u00a0\u00bb link=\u00a0\u00bburl:https%3A%2F%2Ftalleresarrano.com%2Ffr%2Fapplications%2Findustrie-du-ciment%2F|title:Industrie%20du%20Ciment\u00a0\u00bb css=\u00a0\u00bb.vc_custom_1617634554032{margin-top: -30px !important;}\u00a0\u00bb][\/vc_column_inner][vc_column_inner width=\u00a0\u00bb1\/2&Prime;][vc_single_image image=\u00a0\u00bb7918&Prime; img_size=\u00a0\u00bb50&#215;50&Prime; alignment=\u00a0\u00bbcenter\u00a0\u00bb onclick=\u00a0\u00bbcustom_link\u00a0\u00bb css_animation=\u00a0\u00bbappear\u00a0\u00bb link=\u00a0\u00bb\/fr\/applications\/generation-denergie\/\u00a0\u00bb][vc_custom_heading text=\u00a0\u00bbG\u00c9N\u00c9RATION D\u2019\u00c9NERGIE\u00a0\u00bb font_container=\u00a0\u00bbtag:h6|text_align:center\u00a0\u00bb use_theme_fonts=\u00a0\u00bbyes\u00a0\u00bb link=\u00a0\u00bburl:https%3A%2F%2Ftalleresarrano.com%2Ffr%2Fapplications%2Fgeneration-denergie%2F|title:G%C3%A9n%C3%A9ration%20d%E2%80%99%C3%89nergie\u00a0\u00bb css=\u00a0\u00bb.vc_custom_1617634566195{margin-top: -30px !important;}\u00a0\u00bb][\/vc_column_inner][\/vc_row_inner][\/vc_column][vc_column width=\u00a0\u00bb1\/4&Prime;][vc_row_inner][vc_column_inner width=\u00a0\u00bb1\/2&Prime;][vc_single_image image=\u00a0\u00bb7916&Prime; img_size=\u00a0\u00bb50&#215;50&Prime; alignment=\u00a0\u00bbcenter\u00a0\u00bb onclick=\u00a0\u00bbcustom_link\u00a0\u00bb css_animation=\u00a0\u00bbappear\u00a0\u00bb link=\u00a0\u00bb\/fr\/applications\/industrie\/\u00a0\u00bb][vc_custom_heading text=\u00a0\u00bbINDUSTRIE\u00a0\u00bb font_container=\u00a0\u00bbtag:h6|text_align:center\u00a0\u00bb use_theme_fonts=\u00a0\u00bbyes\u00a0\u00bb link=\u00a0\u00bburl:https%3A%2F%2Ftalleresarrano.com%2Ffr%2Fapplications%2Findustrie%2F|title:Industrie\u00a0\u00bb css=\u00a0\u00bb.vc_custom_1617634583281{margin-top: -30px !important;}\u00a0\u00bb][\/vc_column_inner][vc_column_inner width=\u00a0\u00bb1\/2&Prime;][vc_single_image image=\u00a0\u00bb7921&Prime; img_size=\u00a0\u00bb50&#215;50&Prime; alignment=\u00a0\u00bbcenter\u00a0\u00bb onclick=\u00a0\u00bbcustom_link\u00a0\u00bb css_animation=\u00a0\u00bbappear\u00a0\u00bb link=\u00a0\u00bb\/fr\/applications\/mini-hydraulique\/\u00a0\u00bb][vc_custom_heading text=\u00a0\u00bbMINI-HYDRAULIQUE\u00a0\u00bb font_container=\u00a0\u00bbtag:h6|text_align:center\u00a0\u00bb use_theme_fonts=\u00a0\u00bbyes\u00a0\u00bb link=\u00a0\u00bburl:https%3A%2F%2Ftalleresarrano.com%2Ffr%2Fapplications%2Fmini-hydraulique%2F|title:Mini-Hydraulique\u00a0\u00bb css=\u00a0\u00bb.vc_custom_1617634593181{margin-top: -30px !important;}\u00a0\u00bb][\/vc_column_inner][\/vc_row_inner][\/vc_column][vc_column width=\u00a0\u00bb1\/4&Prime;][vc_row_inner][vc_column_inner width=\u00a0\u00bb1\/2&Prime;][vc_single_image image=\u00a0\u00bb7917&Prime; img_size=\u00a0\u00bb50&#215;50&Prime; alignment=\u00a0\u00bbcenter\u00a0\u00bb onclick=\u00a0\u00bbcustom_link\u00a0\u00bb css_animation=\u00a0\u00bbappear\u00a0\u00bb link=\u00a0\u00bb\/fr\/applications\/industrie-du-papier\/\u00a0\u00bb][vc_custom_heading text=\u00a0\u00bbINDUSTRIE DU PAPIER\u00a0\u00bb font_container=\u00a0\u00bbtag:h6|text_align:center\u00a0\u00bb use_theme_fonts=\u00a0\u00bbyes\u00a0\u00bb link=\u00a0\u00bburl:https%3A%2F%2Ftalleresarrano.com%2Ffr%2Fapplications%2Findustrie-du-papier%2F|title:Industrie%20du%20Papier\u00a0\u00bb css=\u00a0\u00bb.vc_custom_1617634601911{margin-top: -30px !important;}\u00a0\u00bb][\/vc_column_inner][vc_column_inner width=\u00a0\u00bb1\/2&Prime;][vc_single_image image=\u00a0\u00bb7919&Prime; img_size=\u00a0\u00bb50&#215;50&Prime; alignment=\u00a0\u00bbcenter\u00a0\u00bb onclick=\u00a0\u00bbcustom_link\u00a0\u00bb css_animation=\u00a0\u00bbappear\u00a0\u00bb link=\u00a0\u00bb\/fr\/applications\/eolienne\/\u00a0\u00bb][vc_custom_heading text=\u00a0\u00bb\u00c9OLIENNE\u00a0\u00bb font_container=\u00a0\u00bbtag:h6|text_align:center\u00a0\u00bb use_theme_fonts=\u00a0\u00bbyes\u00a0\u00bb link=\u00a0\u00bburl:https%3A%2F%2Ftalleresarrano.com%2Ffr%2Fapplications%2Feolienne%2F|title:%C3%89olienne\u00a0\u00bb css=\u00a0\u00bb.vc_custom_1617634610550{margin-top: -30px !important;}\u00a0\u00bb][\/vc_column_inner][\/vc_row_inner][\/vc_column][vc_column width=\u00a0\u00bb1\/4&Prime;][vc_row_inner][vc_column_inner width=\u00a0\u00bb1\/2&Prime;][vc_single_image image=\u00a0\u00bb7915&Prime; img_size=\u00a0\u00bb50&#215;50&Prime; alignment=\u00a0\u00bbcenter\u00a0\u00bb onclick=\u00a0\u00bbcustom_link\u00a0\u00bb css_animation=\u00a0\u00bbappear\u00a0\u00bb link=\u00a0\u00bb\/fr\/applications\/navale\/\u00a0\u00bb][vc_custom_heading text=\u00a0\u00bbNAVALE\u00a0\u00bb font_container=\u00a0\u00bbtag:h6|text_align:center\u00a0\u00bb use_theme_fonts=\u00a0\u00bbyes\u00a0\u00bb link=\u00a0\u00bburl:https%3A%2F%2Ftalleresarrano.com%2Ffr%2Fapplications%2Fnavale%2F|title:Navale\u00a0\u00bb css=\u00a0\u00bb.vc_custom_1617634620825{margin-top: -30px !important;}\u00a0\u00bb][\/vc_column_inner][vc_column_inner width=\u00a0\u00bb1\/2&Prime;][vc_single_image image=\u00a0\u00bb7920&Prime; img_size=\u00a0\u00bb50&#215;50&Prime; alignment=\u00a0\u00bbcenter\u00a0\u00bb onclick=\u00a0\u00bbcustom_link\u00a0\u00bb css_animation=\u00a0\u00bbappear\u00a0\u00bb link=\u00a0\u00bb\/fr\/applications\/stations-de-pompage\/\u00a0\u00bb][vc_custom_heading text=\u00a0\u00bbSTATIONS DE POMPAGE\u00a0\u00bb font_container=\u00a0\u00bbtag:h6|text_align:center\u00a0\u00bb use_theme_fonts=\u00a0\u00bbyes\u00a0\u00bb link=\u00a0\u00bburl:https%3A%2F%2Ftalleresarrano.com%2Ffr%2Fapplications%2Fstations-de-pompage%2F|title:Stations%20de%20Pompage\u00a0\u00bb css=\u00a0\u00bb.vc_custom_1617634630104{margin-top: -30px !important;}\u00a0\u00bb][\/vc_column_inner][\/vc_row_inner][\/vc_column][\/vc_row]<\/p>\n","protected":false},"excerpt":{"rendered":"<p>[vc_row full_width=\u00a0\u00bbstretch_row\u00a0\u00bb css=\u00a0\u00bb.vc_custom_1450082768252{margin-top: 0px !important;margin-bottom: 0px !important;padding-top: 20px !important;padding-bottom: 20px !important;background-color: #f0f0f0 !important;}\u00a0\u00bb][vc_column][vc_cta h2=\u00a0\u00bb\u00a0\u00bb style=\u00a0\u00bbflat\u00a0\u00bb add_button=\u00a0\u00bbright\u00a0\u00bb btn_title=\u00a0\u00bbPLUS D&rsquo;INFORMATIONS\u00a0\u00bb btn_shape=\u00a0\u00bbsquare\u00a0\u00bb btn_color=\u00a0\u00bbgreen\u00a0\u00bb btn_size=\u00a0\u00bblg\u00a0\u00bb btn_align=\u00a0\u00bbcenter\u00a0\u00bb btn_css_animation=\u00a0\u00bbappear\u00a0\u00bb btn_button_block=\u00a0\u00bbtrue\u00a0\u00bb el_class=\u00a0\u00bbheader-call-of-action\u00a0\u00bb btn_link=\u00a0\u00bburl:https%3A%2F%2Ftalleresarrano.com%2Ffr%2Fcontacter%2F|title:Contact\u00a0\u00bb]Parmi les services auxiliaires, nous pouvons souligner : \u00a0Four pyrolytique pour r\u00e9cup\u00e9rer le stator et le rotor de votre machine. En garantissant les propri\u00e9t\u00e9s du noyau magn\u00e9tique. \u00a0Fabrication de bobines [&hellip;]<\/p>\n","protected":false},"author":1,"featured_media":0,"parent":8053,"menu_order":0,"comment_status":"closed","ping_status":"closed","template":"","meta":{"om_disable_all_campaigns":false,"_monsterinsights_skip_tracking":false,"_monsterinsights_sitenote_active":false,"_monsterinsights_sitenote_note":"","_monsterinsights_sitenote_category":0,"footnotes":""},"_links":{"self":[{"href":"https:\/\/talleresarrano.com\/fr\/wp-json\/wp\/v2\/pages\/8162"}],"collection":[{"href":"https:\/\/talleresarrano.com\/fr\/wp-json\/wp\/v2\/pages"}],"about":[{"href":"https:\/\/talleresarrano.com\/fr\/wp-json\/wp\/v2\/types\/page"}],"author":[{"embeddable":true,"href":"https:\/\/talleresarrano.com\/fr\/wp-json\/wp\/v2\/users\/1"}],"replies":[{"embeddable":true,"href":"https:\/\/talleresarrano.com\/fr\/wp-json\/wp\/v2\/comments?post=8162"}],"version-history":[{"count":6,"href":"https:\/\/talleresarrano.com\/fr\/wp-json\/wp\/v2\/pages\/8162\/revisions"}],"predecessor-version":[{"id":8827,"href":"https:\/\/talleresarrano.com\/fr\/wp-json\/wp\/v2\/pages\/8162\/revisions\/8827"}],"up":[{"embeddable":true,"href":"https:\/\/talleresarrano.com\/fr\/wp-json\/wp\/v2\/pages\/8053"}],"wp:attachment":[{"href":"https:\/\/talleresarrano.com\/fr\/wp-json\/wp\/v2\/media?parent=8162"}],"curies":[{"name":"wp","href":"https:\/\/api.w.org\/{rel}","templated":true}]}}