{"id":8428,"date":"2015-11-20T06:04:10","date_gmt":"2015-11-20T05:04:10","guid":{"rendered":"https:\/\/talleresarrano.com\/applications\/industria\/"},"modified":"2021-06-16T18:41:00","modified_gmt":"2021-06-16T16:41:00","slug":"industrie","status":"publish","type":"page","link":"https:\/\/talleresarrano.com\/fr\/applications\/industrie\/","title":{"rendered":"Industrie"},"content":{"rendered":"<p>[vc_row full_width=\u00a0\u00bbstretch_row\u00a0\u00bb css=\u00a0\u00bb.vc_custom_1450082768252{margin-top: 0px !important;margin-bottom: 0px !important;padding-top: 20px !important;padding-bottom: 20px !important;background-color: #f0f0f0 !important;}\u00a0\u00bb][vc_column][vc_cta h2=\u00a0\u00bb\u00a0\u00bb style=\u00a0\u00bbflat\u00a0\u00bb add_button=\u00a0\u00bbright\u00a0\u00bb btn_title=\u00a0\u00bbPLUS D\u2019INFORMATIONS\u00a0\u00bb btn_shape=\u00a0\u00bbsquare\u00a0\u00bb btn_color=\u00a0\u00bbgreen\u00a0\u00bb btn_size=\u00a0\u00bblg\u00a0\u00bb btn_align=\u00a0\u00bbcenter\u00a0\u00bb btn_css_animation=\u00a0\u00bbappear\u00a0\u00bb btn_button_block=\u00a0\u00bbtrue\u00a0\u00bb el_class=\u00a0\u00bbheader-call-of-action\u00a0\u00bb btn_link=\u00a0\u00bburl:http%3A%2F%2Ftalleresarrano.com%2Ffr%2Fcontacto%2F\u00a0\u00bb]Comment \u00e9viter les arr\u00eats impr\u00e9vus ? En r\u00e9alisant une planification qui s&rsquo;adapte \u00e0 vos besoins pour r\u00e9aliser la <strong>maintenance pr\u00e9ventive ou corrective.<\/strong> Nous proposons un service enti\u00e8rement tourn\u00e9 vers le client avec la <strong>flexibilit\u00e9<\/strong> que cela requiert. <strong>Service de diagnostic In Situ <\/strong>et <strong>Surveillance Continue Intelligente<\/strong>.[\/vc_cta][\/vc_column][\/vc_row][vc_row][vc_column][vc_empty_space][vc_masonry_media_grid element_width=\u00a0\u00bb3&Prime; grid_id=\u00a0\u00bbvc_gid:1623861625591-dcbc70d6-8464-1&Prime; include=\u00a0\u00bb8456,8457,8458,8459,8460,8461,8462,8463,8464,8465,8466,8467,8468,8469,8470,8471,8472,8473,8474,8475&Prime;][\/vc_column][\/vc_row][vc_row full_width=\u00a0\u00bbstretch_row\u00a0\u00bb css=\u00a0\u00bb.vc_custom_1450096769961{margin-bottom: 0px !important;background-color: #292929 !important;}\u00a0\u00bb][vc_column][vc_custom_heading text=\u00a0\u00bbSOLUTIONS DISPONIBLES\u00a0\u00bb font_container=\u00a0\u00bbtag:h3|text_align:center|color:%23ffffff\u00a0\u00bb use_theme_fonts=\u00a0\u00bbyes\u00a0\u00bb css=\u00a0\u00bb.vc_custom_1617178549336{padding-top: 5px !important;padding-right: 5px !important;padding-bottom: 5px !important;padding-left: 5px !important;}\u00a0\u00bb][\/vc_column][\/vc_row][vc_row full_width=\u00a0\u00bbstretch_row_content\u00a0\u00bb css=\u00a0\u00bb.vc_custom_1448005768535{margin-bottom: 0px !important;border-bottom-width: 0px !important;padding-bottom: 0px !important;background-color: #e8b100 !important;}\u00a0\u00bb][vc_column width=\u00a0\u00bb1\/3&Prime; css=\u00a0\u00bb.vc_custom_1450083833169{padding-top: 10px !important;padding-right: 10px !important;padding-bottom: 10px !important;padding-left: 10px !important;background-color: #ffc02d !important;}\u00a0\u00bb][vc_custom_heading text=\u00a0\u00bbR\u00c9PARATIONS\u00a0\u00bb font_container=\u00a0\u00bbtag:h3|text_align:center|color:%23ffffff\u00a0\u00bb use_theme_fonts=\u00a0\u00bbyes\u00a0\u00bb link=\u00a0\u00bburl:https%3A%2F%2Ftalleresarrano.com%2Ffr%2Fsolutions%2Freparations%2F\u00a0\u00bb css=\u00a0\u00bb.vc_custom_1617178590119{padding-top: 10px !important;padding-right: 10px !important;padding-bottom: 10px !important;padding-left: 10px !important;}\u00a0\u00bb][\/vc_column][vc_column width=\u00a0\u00bb1\/3&Prime; css=\u00a0\u00bb.vc_custom_1450083808840{padding-top: 10px !important;padding-right: 10px !important;padding-bottom: 10px !important;padding-left: 10px !important;background-color: #ffb200 !important;}\u00a0\u00bb][vc_custom_heading text=\u00a0\u00bbMAINTENANCE\u00a0\u00bb font_container=\u00a0\u00bbtag:h3|text_align:center|color:%23ffffff\u00a0\u00bb use_theme_fonts=\u00a0\u00bbyes\u00a0\u00bb link=\u00a0\u00bburl:https%3A%2F%2Ftalleresarrano.com%2Ffr%2Fsolutions%2Fmaintenance%2F\u00a0\u00bb css=\u00a0\u00bb.vc_custom_1617178669623{padding-top: 10px !important;padding-right: 10px !important;padding-bottom: 10px !important;padding-left: 10px !important;}\u00a0\u00bb][\/vc_column][vc_column width=\u00a0\u00bb1\/3&Prime; css=\u00a0\u00bb.vc_custom_1450083814488{padding-top: 10px !important;padding-right: 10px !important;padding-bottom: 10px !important;padding-left: 10px !important;}\u00a0\u00bb][vc_custom_heading text=\u00a0\u00bbTRAVAUX AUXILIAIRES\u00a0\u00bb font_container=\u00a0\u00bbtag:h3|text_align:center|color:%23ffffff\u00a0\u00bb use_theme_fonts=\u00a0\u00bbyes\u00a0\u00bb link=\u00a0\u00bburl:https%3A%2F%2Ftalleresarrano.com%2Ffr%2Fsolutions%2Ftravaux-auxiliaires%2F|title:Travaux%20Auxiliaires\u00a0\u00bb css=\u00a0\u00bb.vc_custom_1617178819138{padding-top: 10px !important;padding-right: 10px !important;padding-bottom: 10px !important;padding-left: 10px !important;}\u00a0\u00bb][\/vc_column][\/vc_row][vc_row full_width=\u00a0\u00bbstretch_row\u00a0\u00bb css=\u00a0\u00bb.vc_custom_1450082768252{margin-top: 0px !important;margin-bottom: 0px !important;padding-top: 20px !important;padding-bottom: 20px !important;background-color: #f0f0f0 !important;}\u00a0\u00bb][vc_column][vc_cta h2=\u00a0\u00bb\u00a0\u00bb style=\u00a0\u00bbflat\u00a0\u00bb add_button=\u00a0\u00bbright\u00a0\u00bb btn_title=\u00a0\u00bbJE SOUHAITE RECEVOIR DE L\u2019AIDE\u00a0\u00bb btn_shape=\u00a0\u00bbsquare\u00a0\u00bb btn_color=\u00a0\u00bbwarning\u00a0\u00bb btn_size=\u00a0\u00bblg\u00a0\u00bb btn_align=\u00a0\u00bbcenter\u00a0\u00bb btn_css_animation=\u00a0\u00bbappear\u00a0\u00bb btn_button_block=\u00a0\u00bbtrue\u00a0\u00bb el_class=\u00a0\u00bbfooter-call-of-action\u00a0\u00bb btn_link=\u00a0\u00bburl:https%3A%2F%2Ftalleresarrano.com%2Ffr%2Fcontacter%2F|title:Contact\u00a0\u00bb]<span lang=\"FR\">Si vous voulez des conseils sur les <strong>les services pour l\u2019industrie<\/strong><span lang=\"FR\"> et les applications qui s&rsquo;adaptent au mieux \u00e0 votre entreprise, <strong>nous pouvons vous aider<\/strong>.<\/span><\/span>[\/vc_cta][\/vc_column][\/vc_row]<\/p>\n","protected":false},"excerpt":{"rendered":"<p>[vc_row full_width=\u00a0\u00bbstretch_row\u00a0\u00bb css=\u00a0\u00bb.vc_custom_1450082768252{margin-top: 0px !important;margin-bottom: 0px !important;padding-top: 20px !important;padding-bottom: 20px !important;background-color: #f0f0f0 !important;}\u00a0\u00bb][vc_column][vc_cta h2=\u00a0\u00bb\u00a0\u00bb style=\u00a0\u00bbflat\u00a0\u00bb add_button=\u00a0\u00bbright\u00a0\u00bb btn_title=\u00a0\u00bbPLUS D\u2019INFORMATIONS\u00a0\u00bb btn_shape=\u00a0\u00bbsquare\u00a0\u00bb btn_color=\u00a0\u00bbgreen\u00a0\u00bb btn_size=\u00a0\u00bblg\u00a0\u00bb btn_align=\u00a0\u00bbcenter\u00a0\u00bb btn_css_animation=\u00a0\u00bbappear\u00a0\u00bb btn_button_block=\u00a0\u00bbtrue\u00a0\u00bb el_class=\u00a0\u00bbheader-call-of-action\u00a0\u00bb btn_link=\u00a0\u00bburl:http%3A%2F%2Ftalleresarrano.com%2Ffr%2Fcontacto%2F\u00a0\u00bb]Comment \u00e9viter les arr\u00eats impr\u00e9vus ? En r\u00e9alisant une planification qui s&rsquo;adapte \u00e0 vos besoins pour r\u00e9aliser la maintenance pr\u00e9ventive ou corrective. Nous proposons un service enti\u00e8rement tourn\u00e9 vers le [&hellip;]<\/p>\n","protected":false},"author":1,"featured_media":0,"parent":8181,"menu_order":0,"comment_status":"closed","ping_status":"closed","template":"","meta":{"om_disable_all_campaigns":false,"_monsterinsights_skip_tracking":false,"_monsterinsights_sitenote_active":false,"_monsterinsights_sitenote_note":"","_monsterinsights_sitenote_category":0,"footnotes":""},"_links":{"self":[{"href":"https:\/\/talleresarrano.com\/fr\/wp-json\/wp\/v2\/pages\/8428"}],"collection":[{"href":"https:\/\/talleresarrano.com\/fr\/wp-json\/wp\/v2\/pages"}],"about":[{"href":"https:\/\/talleresarrano.com\/fr\/wp-json\/wp\/v2\/types\/page"}],"author":[{"embeddable":true,"href":"https:\/\/talleresarrano.com\/fr\/wp-json\/wp\/v2\/users\/1"}],"replies":[{"embeddable":true,"href":"https:\/\/talleresarrano.com\/fr\/wp-json\/wp\/v2\/comments?post=8428"}],"version-history":[{"count":6,"href":"https:\/\/talleresarrano.com\/fr\/wp-json\/wp\/v2\/pages\/8428\/revisions"}],"predecessor-version":[{"id":10158,"href":"https:\/\/talleresarrano.com\/fr\/wp-json\/wp\/v2\/pages\/8428\/revisions\/10158"}],"up":[{"embeddable":true,"href":"https:\/\/talleresarrano.com\/fr\/wp-json\/wp\/v2\/pages\/8181"}],"wp:attachment":[{"href":"https:\/\/talleresarrano.com\/fr\/wp-json\/wp\/v2\/media?parent=8428"}],"curies":[{"name":"wp","href":"https:\/\/api.w.org\/{rel}","templated":true}]}}